{"id":723,"date":"2015-09-21T10:39:06","date_gmt":"2015-09-21T08:39:06","guid":{"rendered":"http:\/\/berndmarkgraf.com\/?page_id=723"},"modified":"2018-04-06T11:37:16","modified_gmt":"2018-04-06T09:37:16","slug":"fine-art","status":"publish","type":"page","link":"https:\/\/berndmarkgraf.com\/de\/fine-art\/","title":{"rendered":"Fine Art"},"content":{"rendered":"<div class=\"tiled-gallery type-rectangular tiled-gallery-unresized\" data-original-width=\"625\" data-carousel-extra='{&quot;blog_id&quot;:1,&quot;permalink&quot;:&quot;https:\\\/\\\/berndmarkgraf.com\\\/de\\\/fine-art\\\/&quot;,&quot;likes_blog_id&quot;:62146007}' itemscope itemtype=\"http:\/\/schema.org\/ImageGallery\" > <div class=\"gallery-row\" style=\"width: 625px; height: 536px;\" data-original-width=\"625\" data-original-height=\"536\" > <div class=\"gallery-group images-1\" style=\"width: 359px; height: 536px;\" data-original-width=\"359\" data-original-height=\"536\" > <div class=\"tiled-gallery-item tiled-gallery-item-large\" itemprop=\"associatedMedia\" itemscope itemtype=\"http:\/\/schema.org\/ImageObject\"> <a href=\"https:\/\/berndmarkgraf.com\/de\/fine-art\/_mg_6955_4\/\" border=\"0\" itemprop=\"url\"> <meta itemprop=\"width\" content=\"355\"> <meta itemprop=\"height\" content=\"532\"> <img decoding=\"async\" class=\"\" data-attachment-id=\"738\" data-orig-file=\"https:\/\/berndmarkgraf.com\/wp-content\/uploads\/2015\/09\/MG_6955_4.jpg\" data-orig-size=\"1000,1500\" data-comments-opened=\"1\" data-image-meta=\"{&quot;aperture&quot;:&quot;11&quot;,&quot;credit&quot;:&quot;&quot;,&quot;camera&quot;:&quot;Canon EOS 5D&quot;,&quot;caption&quot;:&quot;&quot;,&quot;created_timestamp&quot;:&quot;1426587172&quot;,&quot;copyright&quot;:&quot;&quot;,&quot;focal_length&quot;:&quot;28&quot;,&quot;iso&quot;:&quot;100&quot;,&quot;shutter_speed&quot;:&quot;0.0125&quot;,&quot;title&quot;:&quot;&quot;,&quot;orientation&quot;:&quot;0&quot;}\" data-image-title=\"Tour Eiffel\" data-image-description=\"\" data-medium-file=\"https:\/\/i0.wp.com\/berndmarkgraf.com\/wp-content\/uploads\/2015\/09\/MG_6955_4.jpg?fit=200%2C300&#038;ssl=1\" data-large-file=\"https:\/\/i0.wp.com\/berndmarkgraf.com\/wp-content\/uploads\/2015\/09\/MG_6955_4.jpg?fit=625%2C937&#038;ssl=1\" src=\"https:\/\/i0.wp.com\/berndmarkgraf.com\/wp-content\/uploads\/2015\/09\/MG_6955_4.jpg?w=355&#038;h=532&#038;ssl=1\" srcset=\"https:\/\/i0.wp.com\/berndmarkgraf.com\/wp-content\/uploads\/2015\/09\/MG_6955_4.jpg?w=1000&amp;ssl=1 1000w, https:\/\/i0.wp.com\/berndmarkgraf.com\/wp-content\/uploads\/2015\/09\/MG_6955_4.jpg?resize=200%2C300&amp;ssl=1 200w, https:\/\/i0.wp.com\/berndmarkgraf.com\/wp-content\/uploads\/2015\/09\/MG_6955_4.jpg?resize=683%2C1024&amp;ssl=1 683w, https:\/\/i0.wp.com\/berndmarkgraf.com\/wp-content\/uploads\/2015\/09\/MG_6955_4.jpg?resize=624%2C936&amp;ssl=1 624w\" width=\"355\" height=\"532\" loading=\"lazy\" data-original-width=\"355\" data-original-height=\"532\" itemprop=\"http:\/\/schema.org\/image\" title=\"Tour Eiffel\" alt=\"Tour Eiffel\" style=\"width: 355px; height: 532px;\" \/> <\/a> <\/div> <\/div> <!-- close group --> <div class=\"gallery-group images-3\" style=\"width: 266px; height: 536px;\" data-original-width=\"266\" data-original-height=\"536\" > <div class=\"tiled-gallery-item tiled-gallery-item-large\" itemprop=\"associatedMedia\" itemscope itemtype=\"http:\/\/schema.org\/ImageObject\"> <a href=\"https:\/\/berndmarkgraf.com\/de\/fine-art\/_mg_9665\/\" border=\"0\" itemprop=\"url\"> <meta itemprop=\"width\" content=\"262\"> <meta itemprop=\"height\" content=\"175\"> <img decoding=\"async\" class=\"\" data-attachment-id=\"739\" data-orig-file=\"https:\/\/berndmarkgraf.com\/wp-content\/uploads\/2015\/09\/MG_9665.jpg\" data-orig-size=\"1500,1000\" data-comments-opened=\"1\" data-image-meta=\"{&quot;aperture&quot;:&quot;18&quot;,&quot;credit&quot;:&quot;&quot;,&quot;camera&quot;:&quot;Canon EOS 5D&quot;,&quot;caption&quot;:&quot;&quot;,&quot;created_timestamp&quot;:&quot;1438337944&quot;,&quot;copyright&quot;:&quot;&quot;,&quot;focal_length&quot;:&quot;38&quot;,&quot;iso&quot;:&quot;50&quot;,&quot;shutter_speed&quot;:&quot;90&quot;,&quot;title&quot;:&quot;&quot;,&quot;orientation&quot;:&quot;0&quot;}\" data-image-title=\"Brigde I\" data-image-description=\"\" data-medium-file=\"https:\/\/i0.wp.com\/berndmarkgraf.com\/wp-content\/uploads\/2015\/09\/MG_9665.jpg?fit=300%2C200&#038;ssl=1\" data-large-file=\"https:\/\/i0.wp.com\/berndmarkgraf.com\/wp-content\/uploads\/2015\/09\/MG_9665.jpg?fit=625%2C417&#038;ssl=1\" src=\"https:\/\/i0.wp.com\/berndmarkgraf.com\/wp-content\/uploads\/2015\/09\/MG_9665.jpg?w=262&#038;h=175&#038;ssl=1\" srcset=\"https:\/\/i0.wp.com\/berndmarkgraf.com\/wp-content\/uploads\/2015\/09\/MG_9665.jpg?w=1500&amp;ssl=1 1500w, https:\/\/i0.wp.com\/berndmarkgraf.com\/wp-content\/uploads\/2015\/09\/MG_9665.jpg?resize=300%2C200&amp;ssl=1 300w, https:\/\/i0.wp.com\/berndmarkgraf.com\/wp-content\/uploads\/2015\/09\/MG_9665.jpg?resize=1024%2C683&amp;ssl=1 1024w, https:\/\/i0.wp.com\/berndmarkgraf.com\/wp-content\/uploads\/2015\/09\/MG_9665.jpg?resize=624%2C416&amp;ssl=1 624w, https:\/\/i0.wp.com\/berndmarkgraf.com\/wp-content\/uploads\/2015\/09\/MG_9665.jpg?w=1250&amp;ssl=1 1250w\" width=\"262\" height=\"175\" loading=\"lazy\" data-original-width=\"262\" data-original-height=\"175\" itemprop=\"http:\/\/schema.org\/image\" title=\"Brigde I\" alt=\"Brigde I\" style=\"width: 262px; height: 175px;\" \/> <\/a> <\/div> <div class=\"tiled-gallery-item tiled-gallery-item-large\" itemprop=\"associatedMedia\" itemscope itemtype=\"http:\/\/schema.org\/ImageObject\"> <a href=\"https:\/\/berndmarkgraf.com\/de\/fine-art\/_mg_9860\/\" border=\"0\" itemprop=\"url\"> <meta itemprop=\"width\" content=\"262\"> <meta itemprop=\"height\" content=\"175\"> <img decoding=\"async\" class=\"\" data-attachment-id=\"740\" data-orig-file=\"https:\/\/berndmarkgraf.com\/wp-content\/uploads\/2015\/09\/MG_9860.jpg\" data-orig-size=\"1500,1000\" data-comments-opened=\"1\" data-image-meta=\"{&quot;aperture&quot;:&quot;11&quot;,&quot;credit&quot;:&quot;&quot;,&quot;camera&quot;:&quot;Canon EOS 5D&quot;,&quot;caption&quot;:&quot;&quot;,&quot;created_timestamp&quot;:&quot;1439832484&quot;,&quot;copyright&quot;:&quot;&quot;,&quot;focal_length&quot;:&quot;75&quot;,&quot;iso&quot;:&quot;100&quot;,&quot;shutter_speed&quot;:&quot;30&quot;,&quot;title&quot;:&quot;&quot;,&quot;orientation&quot;:&quot;0&quot;}\" data-image-title=\"Summer Holiday\" data-image-description=\"\" data-medium-file=\"https:\/\/i0.wp.com\/berndmarkgraf.com\/wp-content\/uploads\/2015\/09\/MG_9860.jpg?fit=300%2C200&#038;ssl=1\" data-large-file=\"https:\/\/i0.wp.com\/berndmarkgraf.com\/wp-content\/uploads\/2015\/09\/MG_9860.jpg?fit=625%2C417&#038;ssl=1\" src=\"https:\/\/i0.wp.com\/berndmarkgraf.com\/wp-content\/uploads\/2015\/09\/MG_9860.jpg?w=262&#038;h=175&#038;ssl=1\" srcset=\"https:\/\/i0.wp.com\/berndmarkgraf.com\/wp-content\/uploads\/2015\/09\/MG_9860.jpg?w=1500&amp;ssl=1 1500w, https:\/\/i0.wp.com\/berndmarkgraf.com\/wp-content\/uploads\/2015\/09\/MG_9860.jpg?resize=300%2C200&amp;ssl=1 300w, https:\/\/i0.wp.com\/berndmarkgraf.com\/wp-content\/uploads\/2015\/09\/MG_9860.jpg?resize=1024%2C683&amp;ssl=1 1024w, https:\/\/i0.wp.com\/berndmarkgraf.com\/wp-content\/uploads\/2015\/09\/MG_9860.jpg?resize=624%2C416&amp;ssl=1 624w, https:\/\/i0.wp.com\/berndmarkgraf.com\/wp-content\/uploads\/2015\/09\/MG_9860.jpg?w=1250&amp;ssl=1 1250w\" width=\"262\" height=\"175\" loading=\"lazy\" data-original-width=\"262\" data-original-height=\"175\" itemprop=\"http:\/\/schema.org\/image\" title=\"Summer Holiday\" alt=\"Summer Holiday\" style=\"width: 262px; height: 175px;\" \/> <\/a> <\/div> <div class=\"tiled-gallery-item tiled-gallery-item-large\" itemprop=\"associatedMedia\" itemscope itemtype=\"http:\/\/schema.org\/ImageObject\"> <a href=\"https:\/\/berndmarkgraf.com\/de\/_mg_9159\/\" border=\"0\" itemprop=\"url\"> <meta itemprop=\"width\" content=\"262\"> <meta itemprop=\"height\" content=\"174\"> <img decoding=\"async\" class=\"\" data-attachment-id=\"749\" data-orig-file=\"https:\/\/berndmarkgraf.com\/wp-content\/uploads\/2015\/09\/MG_9159.jpg\" data-orig-size=\"1500,1000\" data-comments-opened=\"1\" data-image-meta=\"{&quot;aperture&quot;:&quot;5.6&quot;,&quot;credit&quot;:&quot;&quot;,&quot;camera&quot;:&quot;Canon EOS 5D&quot;,&quot;caption&quot;:&quot;&quot;,&quot;created_timestamp&quot;:&quot;1374314949&quot;,&quot;copyright&quot;:&quot;&quot;,&quot;focal_length&quot;:&quot;74&quot;,&quot;iso&quot;:&quot;100&quot;,&quot;shutter_speed&quot;:&quot;0.002&quot;,&quot;title&quot;:&quot;&quot;,&quot;orientation&quot;:&quot;0&quot;}\" data-image-title=\"Cable\" data-image-description=\"\" data-medium-file=\"https:\/\/i0.wp.com\/berndmarkgraf.com\/wp-content\/uploads\/2015\/09\/MG_9159.jpg?fit=300%2C200&#038;ssl=1\" data-large-file=\"https:\/\/i0.wp.com\/berndmarkgraf.com\/wp-content\/uploads\/2015\/09\/MG_9159.jpg?fit=625%2C417&#038;ssl=1\" src=\"https:\/\/i0.wp.com\/berndmarkgraf.com\/wp-content\/uploads\/2015\/09\/MG_9159.jpg?w=262&#038;h=174&#038;ssl=1\" srcset=\"https:\/\/i0.wp.com\/berndmarkgraf.com\/wp-content\/uploads\/2015\/09\/MG_9159.jpg?w=1500&amp;ssl=1 1500w, https:\/\/i0.wp.com\/berndmarkgraf.com\/wp-content\/uploads\/2015\/09\/MG_9159.jpg?resize=300%2C200&amp;ssl=1 300w, https:\/\/i0.wp.com\/berndmarkgraf.com\/wp-content\/uploads\/2015\/09\/MG_9159.jpg?resize=1024%2C683&amp;ssl=1 1024w, https:\/\/i0.wp.com\/berndmarkgraf.com\/wp-content\/uploads\/2015\/09\/MG_9159.jpg?resize=624%2C416&amp;ssl=1 624w, https:\/\/i0.wp.com\/berndmarkgraf.com\/wp-content\/uploads\/2015\/09\/MG_9159.jpg?w=1250&amp;ssl=1 1250w\" width=\"262\" height=\"174\" loading=\"lazy\" data-original-width=\"262\" data-original-height=\"174\" itemprop=\"http:\/\/schema.org\/image\" title=\"Cable\" alt=\"Cable\" style=\"width: 262px; height: 174px;\" \/> <\/a> <\/div> <\/div> <!-- close group --> <\/div> <!-- close row --> <div class=\"gallery-row\" style=\"width: 625px; height: 128px;\" data-original-width=\"625\" data-original-height=\"128\" > <div class=\"gallery-group images-1\" style=\"width: 190px; height: 128px;\" data-original-width=\"190\" data-original-height=\"128\" > <div class=\"tiled-gallery-item tiled-gallery-item-small\" itemprop=\"associatedMedia\" itemscope itemtype=\"http:\/\/schema.org\/ImageObject\"> <a href=\"https:\/\/berndmarkgraf.com\/de\/_mg_7585-2\/\" border=\"0\" itemprop=\"url\"> <meta itemprop=\"width\" content=\"186\"> <meta itemprop=\"height\" content=\"124\"> <img decoding=\"async\" class=\"\" data-attachment-id=\"761\" data-orig-file=\"https:\/\/berndmarkgraf.com\/wp-content\/uploads\/2015\/09\/MG_7585.jpg\" data-orig-size=\"1500,1000\" data-comments-opened=\"1\" data-image-meta=\"{&quot;aperture&quot;:&quot;5.6&quot;,&quot;credit&quot;:&quot;&quot;,&quot;camera&quot;:&quot;Canon EOS 5D&quot;,&quot;caption&quot;:&quot;&quot;,&quot;created_timestamp&quot;:&quot;1426777799&quot;,&quot;copyright&quot;:&quot;&quot;,&quot;focal_length&quot;:&quot;75&quot;,&quot;iso&quot;:&quot;800&quot;,&quot;shutter_speed&quot;:&quot;0.00025&quot;,&quot;title&quot;:&quot;&quot;,&quot;orientation&quot;:&quot;0&quot;}\" data-image-title=\"French National Library\" data-image-description=\"&lt;p&gt;French National Library&lt;\/p&gt; \" data-medium-file=\"https:\/\/i0.wp.com\/berndmarkgraf.com\/wp-content\/uploads\/2015\/09\/MG_7585.jpg?fit=300%2C200&#038;ssl=1\" data-large-file=\"https:\/\/i0.wp.com\/berndmarkgraf.com\/wp-content\/uploads\/2015\/09\/MG_7585.jpg?fit=625%2C417&#038;ssl=1\" src=\"https:\/\/i0.wp.com\/berndmarkgraf.com\/wp-content\/uploads\/2015\/09\/MG_7585.jpg?w=186&#038;h=124&#038;ssl=1\" srcset=\"https:\/\/i0.wp.com\/berndmarkgraf.com\/wp-content\/uploads\/2015\/09\/MG_7585.jpg?w=1500&amp;ssl=1 1500w, https:\/\/i0.wp.com\/berndmarkgraf.com\/wp-content\/uploads\/2015\/09\/MG_7585.jpg?resize=300%2C200&amp;ssl=1 300w, https:\/\/i0.wp.com\/berndmarkgraf.com\/wp-content\/uploads\/2015\/09\/MG_7585.jpg?resize=1024%2C683&amp;ssl=1 1024w, https:\/\/i0.wp.com\/berndmarkgraf.com\/wp-content\/uploads\/2015\/09\/MG_7585.jpg?resize=624%2C416&amp;ssl=1 624w, https:\/\/i0.wp.com\/berndmarkgraf.com\/wp-content\/uploads\/2015\/09\/MG_7585.jpg?w=1250&amp;ssl=1 1250w\" width=\"186\" height=\"124\" loading=\"lazy\" data-original-width=\"186\" data-original-height=\"124\" itemprop=\"http:\/\/schema.org\/image\" title=\"French National Library\" alt=\"French National Library\" style=\"width: 186px; height: 124px;\" \/> <\/a> <div class=\"tiled-gallery-caption\" itemprop=\"caption description\"> French National Library <\/div> <\/div> <\/div> <!-- close group --> <div class=\"gallery-group images-1\" style=\"width: 87px; height: 128px;\" data-original-width=\"87\" data-original-height=\"128\" > <div class=\"tiled-gallery-item tiled-gallery-item-small\" itemprop=\"associatedMedia\" itemscope itemtype=\"http:\/\/schema.org\/ImageObject\"> <a href=\"https:\/\/berndmarkgraf.com\/de\/fine-art\/_mg_0074\/\" border=\"0\" itemprop=\"url\"> <meta itemprop=\"width\" content=\"83\"> <meta itemprop=\"height\" content=\"124\"> <img decoding=\"async\" class=\"\" data-attachment-id=\"1037\" data-orig-file=\"https:\/\/berndmarkgraf.com\/wp-content\/uploads\/2015\/09\/MG_0074.jpg\" data-orig-size=\"1000,1500\" data-comments-opened=\"1\" data-image-meta=\"{&quot;aperture&quot;:&quot;16&quot;,&quot;credit&quot;:&quot;&quot;,&quot;camera&quot;:&quot;Canon EOS 5D&quot;,&quot;caption&quot;:&quot;&quot;,&quot;created_timestamp&quot;:&quot;1440170555&quot;,&quot;copyright&quot;:&quot;&quot;,&quot;focal_length&quot;:&quot;28&quot;,&quot;iso&quot;:&quot;50&quot;,&quot;shutter_speed&quot;:&quot;30&quot;,&quot;title&quot;:&quot;&quot;,&quot;orientation&quot;:&quot;0&quot;}\" data-image-title=\"Old R\u00f8m\u00f8 Rescue Station (built 1886)\ufeff\" data-image-description=\"&lt;p&gt;Old R\u00f8m\u00f8 Rescue Station (built 1886)\ufeff&lt;\/p&gt; \" data-medium-file=\"https:\/\/i0.wp.com\/berndmarkgraf.com\/wp-content\/uploads\/2015\/09\/MG_0074.jpg?fit=200%2C300&#038;ssl=1\" data-large-file=\"https:\/\/i0.wp.com\/berndmarkgraf.com\/wp-content\/uploads\/2015\/09\/MG_0074.jpg?fit=625%2C937&#038;ssl=1\" src=\"https:\/\/i0.wp.com\/berndmarkgraf.com\/wp-content\/uploads\/2015\/09\/MG_0074.jpg?w=83&#038;h=124&#038;ssl=1\" srcset=\"https:\/\/i0.wp.com\/berndmarkgraf.com\/wp-content\/uploads\/2015\/09\/MG_0074.jpg?w=1000&amp;ssl=1 1000w, https:\/\/i0.wp.com\/berndmarkgraf.com\/wp-content\/uploads\/2015\/09\/MG_0074.jpg?resize=200%2C300&amp;ssl=1 200w, https:\/\/i0.wp.com\/berndmarkgraf.com\/wp-content\/uploads\/2015\/09\/MG_0074.jpg?resize=683%2C1024&amp;ssl=1 683w, https:\/\/i0.wp.com\/berndmarkgraf.com\/wp-content\/uploads\/2015\/09\/MG_0074.jpg?resize=624%2C936&amp;ssl=1 624w\" width=\"83\" height=\"124\" loading=\"lazy\" data-original-width=\"83\" data-original-height=\"124\" itemprop=\"http:\/\/schema.org\/image\" title=\"Old R\u00f8m\u00f8 Rescue Station (built 1886)\ufeff\" alt=\"Old R\u00f8m\u00f8 Rescue Station (built 1886)\ufeff\" style=\"width: 83px; height: 124px;\" \/> <\/a> <div class=\"tiled-gallery-caption\" itemprop=\"caption description\"> Old R\u00f8m\u00f8 Rescue Station (built 1886)\ufeff <\/div> <\/div> <\/div> <!-- close group --> <div class=\"gallery-group images-1\" style=\"width: 220px; height: 128px;\" data-original-width=\"220\" data-original-height=\"128\" > <div class=\"tiled-gallery-item tiled-gallery-item-small\" itemprop=\"associatedMedia\" itemscope itemtype=\"http:\/\/schema.org\/ImageObject\"> <a href=\"https:\/\/berndmarkgraf.com\/de\/fine-art\/_mg_5552b\/\" border=\"0\" itemprop=\"url\"> <meta itemprop=\"width\" content=\"216\"> <meta itemprop=\"height\" content=\"124\"> <img decoding=\"async\" class=\"\" data-attachment-id=\"1447\" data-orig-file=\"https:\/\/berndmarkgraf.com\/wp-content\/uploads\/2015\/09\/MG_5552b.jpg\" data-orig-size=\"3038,1743\" data-comments-opened=\"1\" data-image-meta=\"{&quot;aperture&quot;:&quot;11&quot;,&quot;credit&quot;:&quot;Bernd Markgraf&quot;,&quot;camera&quot;:&quot;Canon EOS 5D&quot;,&quot;caption&quot;:&quot;&quot;,&quot;created_timestamp&quot;:&quot;1460119260&quot;,&quot;copyright&quot;:&quot;&quot;,&quot;focal_length&quot;:&quot;75&quot;,&quot;iso&quot;:&quot;400&quot;,&quot;shutter_speed&quot;:&quot;0.002&quot;,&quot;title&quot;:&quot;&quot;,&quot;orientation&quot;:&quot;0&quot;}\" data-image-title=\"ZeitHaus\" data-image-description=\"&lt;p&gt;ZeitHaus VW Wolfsburg&lt;\/p&gt; \" data-medium-file=\"https:\/\/i0.wp.com\/berndmarkgraf.com\/wp-content\/uploads\/2015\/09\/MG_5552b.jpg?fit=300%2C172&#038;ssl=1\" data-large-file=\"https:\/\/i0.wp.com\/berndmarkgraf.com\/wp-content\/uploads\/2015\/09\/MG_5552b.jpg?fit=625%2C359&#038;ssl=1\" src=\"https:\/\/i0.wp.com\/berndmarkgraf.com\/wp-content\/uploads\/2015\/09\/MG_5552b.jpg?w=216&#038;h=124&#038;ssl=1\" srcset=\"https:\/\/i0.wp.com\/berndmarkgraf.com\/wp-content\/uploads\/2015\/09\/MG_5552b.jpg?w=3038&amp;ssl=1 3038w, https:\/\/i0.wp.com\/berndmarkgraf.com\/wp-content\/uploads\/2015\/09\/MG_5552b.jpg?resize=300%2C172&amp;ssl=1 300w, https:\/\/i0.wp.com\/berndmarkgraf.com\/wp-content\/uploads\/2015\/09\/MG_5552b.jpg?resize=768%2C441&amp;ssl=1 768w, https:\/\/i0.wp.com\/berndmarkgraf.com\/wp-content\/uploads\/2015\/09\/MG_5552b.jpg?resize=1024%2C588&amp;ssl=1 1024w, https:\/\/i0.wp.com\/berndmarkgraf.com\/wp-content\/uploads\/2015\/09\/MG_5552b.jpg?resize=624%2C358&amp;ssl=1 624w, https:\/\/i0.wp.com\/berndmarkgraf.com\/wp-content\/uploads\/2015\/09\/MG_5552b.jpg?w=1250&amp;ssl=1 1250w, https:\/\/i0.wp.com\/berndmarkgraf.com\/wp-content\/uploads\/2015\/09\/MG_5552b.jpg?w=1875&amp;ssl=1 1875w\" width=\"216\" height=\"124\" loading=\"lazy\" data-original-width=\"216\" data-original-height=\"124\" itemprop=\"http:\/\/schema.org\/image\" title=\"ZeitHaus\" alt=\"ZeitHaus VW Wolfsburg\" style=\"width: 216px; height: 124px;\" \/> <\/a> <div class=\"tiled-gallery-caption\" itemprop=\"caption description\"> ZeitHaus VW Wolfsburg <\/div> <\/div> <\/div> <!-- close group --> <div class=\"gallery-group images-1\" style=\"width: 128px; height: 128px;\" data-original-width=\"128\" data-original-height=\"128\" > <div class=\"tiled-gallery-item tiled-gallery-item-small\" itemprop=\"associatedMedia\" itemscope itemtype=\"http:\/\/schema.org\/ImageObject\"> <a href=\"https:\/\/berndmarkgraf.com\/de\/fine-art\/_mg_9648\/\" border=\"0\" itemprop=\"url\"> <meta itemprop=\"width\" content=\"124\"> <meta itemprop=\"height\" content=\"124\"> <img decoding=\"async\" class=\"\" data-attachment-id=\"1512\" data-orig-file=\"https:\/\/berndmarkgraf.com\/wp-content\/uploads\/2018\/04\/MG_9648.jpg\" data-orig-size=\"1500,1500\" data-comments-opened=\"1\" data-image-meta=\"{&quot;aperture&quot;:&quot;8&quot;,&quot;credit&quot;:&quot;&quot;,&quot;camera&quot;:&quot;Canon EOS 5D&quot;,&quot;caption&quot;:&quot;&quot;,&quot;created_timestamp&quot;:&quot;1520783999&quot;,&quot;copyright&quot;:&quot;2018 Bernd Markgraf&quot;,&quot;focal_length&quot;:&quot;14&quot;,&quot;iso&quot;:&quot;100&quot;,&quot;shutter_speed&quot;:&quot;0.01&quot;,&quot;title&quot;:&quot;&quot;,&quot;orientation&quot;:&quot;0&quot;}\" data-image-title=\"Magdeburg Cathedral\" data-image-description=\"\" data-medium-file=\"https:\/\/i0.wp.com\/berndmarkgraf.com\/wp-content\/uploads\/2018\/04\/MG_9648.jpg?fit=300%2C300&#038;ssl=1\" data-large-file=\"https:\/\/i0.wp.com\/berndmarkgraf.com\/wp-content\/uploads\/2018\/04\/MG_9648.jpg?fit=625%2C625&#038;ssl=1\" src=\"https:\/\/i0.wp.com\/berndmarkgraf.com\/wp-content\/uploads\/2018\/04\/MG_9648.jpg?w=124&#038;h=124&#038;crop=1&#038;ssl=1\" srcset=\"https:\/\/i0.wp.com\/berndmarkgraf.com\/wp-content\/uploads\/2018\/04\/MG_9648.jpg?w=1500&amp;ssl=1 1500w, https:\/\/i0.wp.com\/berndmarkgraf.com\/wp-content\/uploads\/2018\/04\/MG_9648.jpg?resize=150%2C150&amp;ssl=1 150w, https:\/\/i0.wp.com\/berndmarkgraf.com\/wp-content\/uploads\/2018\/04\/MG_9648.jpg?resize=300%2C300&amp;ssl=1 300w, https:\/\/i0.wp.com\/berndmarkgraf.com\/wp-content\/uploads\/2018\/04\/MG_9648.jpg?resize=768%2C768&amp;ssl=1 768w, https:\/\/i0.wp.com\/berndmarkgraf.com\/wp-content\/uploads\/2018\/04\/MG_9648.jpg?resize=1024%2C1024&amp;ssl=1 1024w, https:\/\/i0.wp.com\/berndmarkgraf.com\/wp-content\/uploads\/2018\/04\/MG_9648.jpg?resize=624%2C624&amp;ssl=1 624w, https:\/\/i0.wp.com\/berndmarkgraf.com\/wp-content\/uploads\/2018\/04\/MG_9648.jpg?w=1250&amp;ssl=1 1250w\" width=\"124\" height=\"124\" loading=\"lazy\" data-original-width=\"124\" data-original-height=\"124\" itemprop=\"http:\/\/schema.org\/image\" title=\"Magdeburg Cathedral\" alt=\"Magdeburg Cathedral\" style=\"width: 124px; height: 124px;\" \/> <\/a> <div class=\"tiled-gallery-caption\" itemprop=\"caption description\"> Magdeburg Cathedral <\/div> <\/div> <\/div> <!-- close group --> <\/div> <!-- close row --> <\/div>\n","protected":false},"excerpt":{"rendered":"","protected":false},"author":1,"featured_media":0,"parent":0,"menu_order":0,"comment_status":"closed","ping_status":"closed","template":"page-templates\/full-width.php","meta":{"jetpack_post_was_ever_published":false,"footnotes":""},"class_list":["post-723","page","type-page","status-publish","hentry"],"jetpack_sharing_enabled":true,"jetpack_shortlink":"https:\/\/wp.me\/P4cL0X-bF","jetpack-related-posts":[{"id":1047,"url":"https:\/\/berndmarkgraf.com\/de\/digital-art\/","url_meta":{"origin":723,"position":0},"title":"Digital Art","author":"bernd.markgraf@gmail.com","date":"April 19, 2016","format":false,"excerpt":"","rel":"","context":"\u00c4hnlicher Beitrag","block_context":{"text":"\u00c4hnlicher Beitrag","link":""},"img":{"alt_text":"","src":"https:\/\/i0.wp.com\/berndmarkgraf.com\/wp-content\/uploads\/2016\/04\/melt-by-Bernd-Markgraf.jpg?resize=350%2C200","width":350,"height":200,"srcset":"https:\/\/i0.wp.com\/berndmarkgraf.com\/wp-content\/uploads\/2016\/04\/melt-by-Bernd-Markgraf.jpg?resize=350%2C200 1x, https:\/\/i0.wp.com\/berndmarkgraf.com\/wp-content\/uploads\/2016\/04\/melt-by-Bernd-Markgraf.jpg?resize=525%2C300 1.5x, https:\/\/i0.wp.com\/berndmarkgraf.com\/wp-content\/uploads\/2016\/04\/melt-by-Bernd-Markgraf.jpg?resize=700%2C400 2x, https:\/\/i0.wp.com\/berndmarkgraf.com\/wp-content\/uploads\/2016\/04\/melt-by-Bernd-Markgraf.jpg?resize=1050%2C600 3x, https:\/\/i0.wp.com\/berndmarkgraf.com\/wp-content\/uploads\/2016\/04\/melt-by-Bernd-Markgraf.jpg?resize=1400%2C800 4x"},"classes":[]},{"id":41,"url":"https:\/\/berndmarkgraf.com\/de\/impressum-legal-info\/","url_meta":{"origin":723,"position":1},"title":"Impressum","author":"bernd.markgraf@gmail.com","date":"April 9, 2014","format":false,"excerpt":"Impressum Angaben gem\u00e4\u00df \u00a7 5 TMG: Bernd Markgraf Stichlerweg 32 39122 Magdeburg Kontakt: Telefon: 01707204179 E-Mail: bernd.markgraf@gmail.com Quelle: http:\/\/www.e-recht24.de Haftungsausschluss (Disclaimer) Haftung f\u00fcr Inhalte Als Diensteanbieter sind wir gem\u00e4\u00df \u00a7 7 Abs.1 TMG f\u00fcr eigene Inhalte auf diesen Seiten nach den allgemeinen Gesetzen verantwortlich. Nach \u00a7\u00a7 8 bis 10 TMG\u2026","rel":"","context":"\u00c4hnlicher Beitrag","block_context":{"text":"\u00c4hnlicher Beitrag","link":""},"img":{"alt_text":"","src":"","width":0,"height":0},"classes":[]}],"jetpack_likes_enabled":true,"_links":{"self":[{"href":"https:\/\/berndmarkgraf.com\/de\/wp-json\/wp\/v2\/pages\/723","targetHints":{"allow":["GET"]}}],"collection":[{"href":"https:\/\/berndmarkgraf.com\/de\/wp-json\/wp\/v2\/pages"}],"about":[{"href":"https:\/\/berndmarkgraf.com\/de\/wp-json\/wp\/v2\/types\/page"}],"author":[{"embeddable":true,"href":"https:\/\/berndmarkgraf.com\/de\/wp-json\/wp\/v2\/users\/1"}],"replies":[{"embeddable":true,"href":"https:\/\/berndmarkgraf.com\/de\/wp-json\/wp\/v2\/comments?post=723"}],"version-history":[{"count":8,"href":"https:\/\/berndmarkgraf.com\/de\/wp-json\/wp\/v2\/pages\/723\/revisions"}],"predecessor-version":[{"id":1513,"href":"https:\/\/berndmarkgraf.com\/de\/wp-json\/wp\/v2\/pages\/723\/revisions\/1513"}],"wp:attachment":[{"href":"https:\/\/berndmarkgraf.com\/de\/wp-json\/wp\/v2\/media?parent=723"}],"curies":[{"name":"wp","href":"https:\/\/api.w.org\/{rel}","templated":true}]}}