{"id":721,"date":"2015-09-21T10:41:47","date_gmt":"2015-09-21T08:41:47","guid":{"rendered":"http:\/\/berndmarkgraf.com\/?page_id=721"},"modified":"2016-06-08T11:24:34","modified_gmt":"2016-06-08T09:24:34","slug":"men","status":"publish","type":"page","link":"https:\/\/berndmarkgraf.com\/de\/men\/","title":{"rendered":"M\u00e4nner"},"content":{"rendered":"<div class=\"tiled-gallery type-rectangular tiled-gallery-unresized\" data-original-width=\"625\" data-carousel-extra='{&quot;blog_id&quot;:1,&quot;permalink&quot;:&quot;https:\\\/\\\/berndmarkgraf.com\\\/de\\\/men\\\/&quot;,&quot;likes_blog_id&quot;:62146007}' itemscope itemtype=\"http:\/\/schema.org\/ImageGallery\" > <div class=\"gallery-row\" style=\"width: 625px; height: 311px;\" data-original-width=\"625\" data-original-height=\"311\" > <div class=\"gallery-group images-1\" style=\"width: 209px; height: 311px;\" data-original-width=\"209\" data-original-height=\"311\" > <div class=\"tiled-gallery-item tiled-gallery-item-small\" itemprop=\"associatedMedia\" itemscope itemtype=\"http:\/\/schema.org\/ImageObject\"> <a href=\"https:\/\/berndmarkgraf.com\/de\/men\/_mg_6488\/\" border=\"0\" itemprop=\"url\"> <meta itemprop=\"width\" content=\"205\"> <meta itemprop=\"height\" content=\"307\"> <img decoding=\"async\" class=\"\" data-attachment-id=\"733\" data-orig-file=\"https:\/\/berndmarkgraf.com\/wp-content\/uploads\/2015\/09\/MG_6488.jpg\" data-orig-size=\"1000,1500\" data-comments-opened=\"1\" data-image-meta=\"{&quot;aperture&quot;:&quot;11&quot;,&quot;credit&quot;:&quot;&quot;,&quot;camera&quot;:&quot;Canon EOS 5D&quot;,&quot;caption&quot;:&quot;&quot;,&quot;created_timestamp&quot;:&quot;1418685393&quot;,&quot;copyright&quot;:&quot;&quot;,&quot;focal_length&quot;:&quot;100&quot;,&quot;iso&quot;:&quot;100&quot;,&quot;shutter_speed&quot;:&quot;0.00625&quot;,&quot;title&quot;:&quot;&quot;,&quot;orientation&quot;:&quot;0&quot;}\" data-image-title=\"Warrior\" data-image-description=\"\" data-medium-file=\"https:\/\/i0.wp.com\/berndmarkgraf.com\/wp-content\/uploads\/2015\/09\/MG_6488.jpg?fit=200%2C300&#038;ssl=1\" data-large-file=\"https:\/\/i0.wp.com\/berndmarkgraf.com\/wp-content\/uploads\/2015\/09\/MG_6488.jpg?fit=625%2C937&#038;ssl=1\" src=\"https:\/\/i0.wp.com\/berndmarkgraf.com\/wp-content\/uploads\/2015\/09\/MG_6488.jpg?w=205&#038;h=307&#038;ssl=1\" srcset=\"https:\/\/i0.wp.com\/berndmarkgraf.com\/wp-content\/uploads\/2015\/09\/MG_6488.jpg?w=1000&amp;ssl=1 1000w, https:\/\/i0.wp.com\/berndmarkgraf.com\/wp-content\/uploads\/2015\/09\/MG_6488.jpg?resize=200%2C300&amp;ssl=1 200w, https:\/\/i0.wp.com\/berndmarkgraf.com\/wp-content\/uploads\/2015\/09\/MG_6488.jpg?resize=683%2C1024&amp;ssl=1 683w, https:\/\/i0.wp.com\/berndmarkgraf.com\/wp-content\/uploads\/2015\/09\/MG_6488.jpg?resize=624%2C936&amp;ssl=1 624w\" width=\"205\" height=\"307\" loading=\"lazy\" data-original-width=\"205\" data-original-height=\"307\" itemprop=\"http:\/\/schema.org\/image\" title=\"Warrior\" alt=\"Warrior\" style=\"width: 205px; height: 307px;\" \/> <\/a> <\/div> <\/div> <!-- close group --> <div class=\"gallery-group images-1\" style=\"width: 208px; height: 311px;\" data-original-width=\"208\" data-original-height=\"311\" > <div class=\"tiled-gallery-item tiled-gallery-item-small\" itemprop=\"associatedMedia\" itemscope itemtype=\"http:\/\/schema.org\/ImageObject\"> <a href=\"https:\/\/berndmarkgraf.com\/de\/perception-by-bernd-markgraf-1\/\" border=\"0\" itemprop=\"url\"> <meta itemprop=\"width\" content=\"204\"> <meta itemprop=\"height\" content=\"307\"> <img decoding=\"async\" class=\"\" data-attachment-id=\"1042\" data-orig-file=\"https:\/\/berndmarkgraf.com\/wp-content\/uploads\/2016\/04\/Perception-by-Bernd-Markgraf-1.jpg\" data-orig-size=\"1000,1500\" data-comments-opened=\"1\" data-image-meta=\"{&quot;aperture&quot;:&quot;5.6&quot;,&quot;credit&quot;:&quot;&quot;,&quot;camera&quot;:&quot;Canon EOS 5D&quot;,&quot;caption&quot;:&quot;&quot;,&quot;created_timestamp&quot;:&quot;1452118859&quot;,&quot;copyright&quot;:&quot;&quot;,&quot;focal_length&quot;:&quot;28&quot;,&quot;iso&quot;:&quot;100&quot;,&quot;shutter_speed&quot;:&quot;0.00625&quot;,&quot;title&quot;:&quot;&quot;,&quot;orientation&quot;:&quot;0&quot;}\" data-image-title=\"Perception\" data-image-description=\"&lt;p&gt;How do you perceive yourself?&lt;\/p&gt; \" data-medium-file=\"https:\/\/i0.wp.com\/berndmarkgraf.com\/wp-content\/uploads\/2016\/04\/Perception-by-Bernd-Markgraf-1.jpg?fit=200%2C300&#038;ssl=1\" data-large-file=\"https:\/\/i0.wp.com\/berndmarkgraf.com\/wp-content\/uploads\/2016\/04\/Perception-by-Bernd-Markgraf-1.jpg?fit=625%2C937&#038;ssl=1\" src=\"https:\/\/i0.wp.com\/berndmarkgraf.com\/wp-content\/uploads\/2016\/04\/Perception-by-Bernd-Markgraf-1.jpg?w=204&#038;h=307&#038;ssl=1\" srcset=\"https:\/\/i0.wp.com\/berndmarkgraf.com\/wp-content\/uploads\/2016\/04\/Perception-by-Bernd-Markgraf-1.jpg?w=1000&amp;ssl=1 1000w, https:\/\/i0.wp.com\/berndmarkgraf.com\/wp-content\/uploads\/2016\/04\/Perception-by-Bernd-Markgraf-1.jpg?resize=200%2C300&amp;ssl=1 200w, https:\/\/i0.wp.com\/berndmarkgraf.com\/wp-content\/uploads\/2016\/04\/Perception-by-Bernd-Markgraf-1.jpg?resize=768%2C1152&amp;ssl=1 768w, https:\/\/i0.wp.com\/berndmarkgraf.com\/wp-content\/uploads\/2016\/04\/Perception-by-Bernd-Markgraf-1.jpg?resize=683%2C1024&amp;ssl=1 683w, https:\/\/i0.wp.com\/berndmarkgraf.com\/wp-content\/uploads\/2016\/04\/Perception-by-Bernd-Markgraf-1.jpg?resize=624%2C936&amp;ssl=1 624w\" width=\"204\" height=\"307\" loading=\"lazy\" data-original-width=\"204\" data-original-height=\"307\" itemprop=\"http:\/\/schema.org\/image\" title=\"Perception\" alt=\"Perception\" style=\"width: 204px; height: 307px;\" \/> <\/a> <\/div> <\/div> <!-- close group --> <div class=\"gallery-group images-1\" style=\"width: 208px; height: 311px;\" data-original-width=\"208\" data-original-height=\"311\" > <div class=\"tiled-gallery-item tiled-gallery-item-small\" itemprop=\"associatedMedia\" itemscope itemtype=\"http:\/\/schema.org\/ImageObject\"> <a href=\"https:\/\/berndmarkgraf.com\/de\/cold-by-bernd-markgraf-1\/\" border=\"0\" itemprop=\"url\"> <meta itemprop=\"width\" content=\"204\"> <meta itemprop=\"height\" content=\"307\"> <img decoding=\"async\" class=\"\" data-attachment-id=\"1041\" data-orig-file=\"https:\/\/berndmarkgraf.com\/wp-content\/uploads\/2016\/04\/Cold-by-Bernd-Markgraf-1.jpg\" data-orig-size=\"1000,1500\" data-comments-opened=\"1\" data-image-meta=\"{&quot;aperture&quot;:&quot;8&quot;,&quot;credit&quot;:&quot;&quot;,&quot;camera&quot;:&quot;Canon EOS 5D&quot;,&quot;caption&quot;:&quot;&quot;,&quot;created_timestamp&quot;:&quot;1451695532&quot;,&quot;copyright&quot;:&quot;&quot;,&quot;focal_length&quot;:&quot;28&quot;,&quot;iso&quot;:&quot;400&quot;,&quot;shutter_speed&quot;:&quot;2.5&quot;,&quot;title&quot;:&quot;&quot;,&quot;orientation&quot;:&quot;0&quot;}\" data-image-title=\"Cold\" data-image-description=\"&lt;p&gt;You&amp;#8217;re as cold as ice&amp;#8230;&lt;\/p&gt; \" data-medium-file=\"https:\/\/i0.wp.com\/berndmarkgraf.com\/wp-content\/uploads\/2016\/04\/Cold-by-Bernd-Markgraf-1.jpg?fit=200%2C300&#038;ssl=1\" data-large-file=\"https:\/\/i0.wp.com\/berndmarkgraf.com\/wp-content\/uploads\/2016\/04\/Cold-by-Bernd-Markgraf-1.jpg?fit=625%2C937&#038;ssl=1\" src=\"https:\/\/i0.wp.com\/berndmarkgraf.com\/wp-content\/uploads\/2016\/04\/Cold-by-Bernd-Markgraf-1.jpg?w=204&#038;h=307&#038;ssl=1\" srcset=\"https:\/\/i0.wp.com\/berndmarkgraf.com\/wp-content\/uploads\/2016\/04\/Cold-by-Bernd-Markgraf-1.jpg?w=1000&amp;ssl=1 1000w, https:\/\/i0.wp.com\/berndmarkgraf.com\/wp-content\/uploads\/2016\/04\/Cold-by-Bernd-Markgraf-1.jpg?resize=200%2C300&amp;ssl=1 200w, https:\/\/i0.wp.com\/berndmarkgraf.com\/wp-content\/uploads\/2016\/04\/Cold-by-Bernd-Markgraf-1.jpg?resize=768%2C1152&amp;ssl=1 768w, https:\/\/i0.wp.com\/berndmarkgraf.com\/wp-content\/uploads\/2016\/04\/Cold-by-Bernd-Markgraf-1.jpg?resize=683%2C1024&amp;ssl=1 683w, https:\/\/i0.wp.com\/berndmarkgraf.com\/wp-content\/uploads\/2016\/04\/Cold-by-Bernd-Markgraf-1.jpg?resize=624%2C936&amp;ssl=1 624w\" width=\"204\" height=\"307\" loading=\"lazy\" data-original-width=\"204\" data-original-height=\"307\" itemprop=\"http:\/\/schema.org\/image\" title=\"Cold\" alt=\"Cold\" style=\"width: 204px; height: 307px;\" \/> <\/a> <\/div> <\/div> <!-- close group --> <\/div> <!-- close row --> <\/div>\n","protected":false},"excerpt":{"rendered":"","protected":false},"author":1,"featured_media":0,"parent":0,"menu_order":0,"comment_status":"closed","ping_status":"closed","template":"page-templates\/full-width.php","meta":{"jetpack_post_was_ever_published":false,"footnotes":""},"class_list":["post-721","page","type-page","status-publish","hentry"],"jetpack_sharing_enabled":true,"jetpack_shortlink":"https:\/\/wp.me\/P4cL0X-bD","jetpack-related-posts":[{"id":1504,"url":"https:\/\/berndmarkgraf.com\/de\/nature\/","url_meta":{"origin":721,"position":0},"title":"Natur","author":"bernd.markgraf@gmail.com","date":"April 6, 2018","format":false,"excerpt":"","rel":"","context":"\u00c4hnlicher Beitrag","block_context":{"text":"\u00c4hnlicher Beitrag","link":""},"img":{"alt_text":"","src":"https:\/\/i0.wp.com\/berndmarkgraf.com\/wp-content\/uploads\/2018\/04\/MG_9743.jpg?resize=350%2C200","width":350,"height":200,"srcset":"https:\/\/i0.wp.com\/berndmarkgraf.com\/wp-content\/uploads\/2018\/04\/MG_9743.jpg?resize=350%2C200 1x, https:\/\/i0.wp.com\/berndmarkgraf.com\/wp-content\/uploads\/2018\/04\/MG_9743.jpg?resize=525%2C300 1.5x, https:\/\/i0.wp.com\/berndmarkgraf.com\/wp-content\/uploads\/2018\/04\/MG_9743.jpg?resize=700%2C400 2x, https:\/\/i0.wp.com\/berndmarkgraf.com\/wp-content\/uploads\/2018\/04\/MG_9743.jpg?resize=1050%2C600 3x, https:\/\/i0.wp.com\/berndmarkgraf.com\/wp-content\/uploads\/2018\/04\/MG_9743.jpg?resize=1400%2C800 4x"},"classes":[]},{"id":755,"url":"https:\/\/berndmarkgraf.com\/de\/product-and-table-top-photography\/","url_meta":{"origin":721,"position":1},"title":"Produktfotografie","author":"bernd.markgraf@gmail.com","date":"September 23, 2015","format":false,"excerpt":"","rel":"","context":"\u00c4hnlicher Beitrag","block_context":{"text":"\u00c4hnlicher Beitrag","link":""},"img":{"alt_text":"","src":"https:\/\/i0.wp.com\/berndmarkgraf.com\/wp-content\/uploads\/2015\/09\/20121114-00022.jpg?fit=617%2C1200&ssl=1&resize=350%2C200","width":350,"height":200,"srcset":"https:\/\/i0.wp.com\/berndmarkgraf.com\/wp-content\/uploads\/2015\/09\/20121114-00022.jpg?fit=617%2C1200&ssl=1&resize=350%2C200 1x, https:\/\/i0.wp.com\/berndmarkgraf.com\/wp-content\/uploads\/2015\/09\/20121114-00022.jpg?fit=617%2C1200&ssl=1&resize=525%2C300 1.5x"},"classes":[]},{"id":8,"url":"https:\/\/berndmarkgraf.com\/de\/about-me\/","url_meta":{"origin":721,"position":2},"title":"\u00dcber mich","author":"bernd.markgraf@gmail.com","date":"Januar 31, 2014","format":false,"excerpt":"Willkommen Mein Name ist Bernd Markgraf. Ich bin stolzer Vater zweier Kinder, habe irgendwann mal Computerkram studiert und arbeite in einem Krankenhaus. Nebenher erfreue ich mich und mein Umfeld mit meinen Kochk\u00fcnsten. Meine weitere Leidenschaft ist die Fotografie, der mehr Zeit zukommen soll. Dank der Neurodermitis unserer Zwerge bin ich\u2026","rel":"","context":"\u00c4hnlicher Beitrag","block_context":{"text":"\u00c4hnlicher Beitrag","link":""},"img":{"alt_text":"","src":"","width":0,"height":0},"classes":[]},{"id":516,"url":"https:\/\/berndmarkgraf.com\/de\/hochzeit\/","url_meta":{"origin":721,"position":3},"title":"Hochzeit Christine+Wolf","author":"bernd.markgraf@gmail.com","date":"September 10, 2015","format":false,"excerpt":"","rel":"","context":"\u00c4hnlicher Beitrag","block_context":{"text":"\u00c4hnlicher Beitrag","link":""},"img":{"alt_text":"","src":"https:\/\/i0.wp.com\/berndmarkgraf.com\/wp-content\/uploads\/2015\/09\/MG_0335.jpg?fit=800%2C1200&ssl=1&resize=350%2C200","width":350,"height":200,"srcset":"https:\/\/i0.wp.com\/berndmarkgraf.com\/wp-content\/uploads\/2015\/09\/MG_0335.jpg?fit=800%2C1200&ssl=1&resize=350%2C200 1x, https:\/\/i0.wp.com\/berndmarkgraf.com\/wp-content\/uploads\/2015\/09\/MG_0335.jpg?fit=800%2C1200&ssl=1&resize=525%2C300 1.5x, https:\/\/i0.wp.com\/berndmarkgraf.com\/wp-content\/uploads\/2015\/09\/MG_0335.jpg?fit=800%2C1200&ssl=1&resize=700%2C400 2x"},"classes":[]},{"id":41,"url":"https:\/\/berndmarkgraf.com\/de\/impressum-legal-info\/","url_meta":{"origin":721,"position":4},"title":"Impressum","author":"bernd.markgraf@gmail.com","date":"April 9, 2014","format":false,"excerpt":"Impressum Angaben gem\u00e4\u00df \u00a7 5 TMG: Bernd Markgraf Stichlerweg 32 39122 Magdeburg Kontakt: Telefon: 01707204179 E-Mail: bernd.markgraf@gmail.com Quelle: http:\/\/www.e-recht24.de Haftungsausschluss (Disclaimer) Haftung f\u00fcr Inhalte Als Diensteanbieter sind wir gem\u00e4\u00df \u00a7 7 Abs.1 TMG f\u00fcr eigene Inhalte auf diesen Seiten nach den allgemeinen Gesetzen verantwortlich. Nach \u00a7\u00a7 8 bis 10 TMG\u2026","rel":"","context":"\u00c4hnlicher Beitrag","block_context":{"text":"\u00c4hnlicher Beitrag","link":""},"img":{"alt_text":"","src":"","width":0,"height":0},"classes":[]}],"jetpack_likes_enabled":true,"_links":{"self":[{"href":"https:\/\/berndmarkgraf.com\/de\/wp-json\/wp\/v2\/pages\/721","targetHints":{"allow":["GET"]}}],"collection":[{"href":"https:\/\/berndmarkgraf.com\/de\/wp-json\/wp\/v2\/pages"}],"about":[{"href":"https:\/\/berndmarkgraf.com\/de\/wp-json\/wp\/v2\/types\/page"}],"author":[{"embeddable":true,"href":"https:\/\/berndmarkgraf.com\/de\/wp-json\/wp\/v2\/users\/1"}],"replies":[{"embeddable":true,"href":"https:\/\/berndmarkgraf.com\/de\/wp-json\/wp\/v2\/comments?post=721"}],"version-history":[{"count":6,"href":"https:\/\/berndmarkgraf.com\/de\/wp-json\/wp\/v2\/pages\/721\/revisions"}],"predecessor-version":[{"id":1445,"href":"https:\/\/berndmarkgraf.com\/de\/wp-json\/wp\/v2\/pages\/721\/revisions\/1445"}],"wp:attachment":[{"href":"https:\/\/berndmarkgraf.com\/de\/wp-json\/wp\/v2\/media?parent=721"}],"curies":[{"name":"wp","href":"https:\/\/api.w.org\/{rel}","templated":true}]}}