{"id":1504,"date":"2018-04-06T10:31:48","date_gmt":"2018-04-06T08:31:48","guid":{"rendered":"http:\/\/berndmarkgraf.com\/?page_id=1504"},"modified":"2018-05-29T10:03:52","modified_gmt":"2018-05-29T08:03:52","slug":"nature","status":"publish","type":"page","link":"https:\/\/berndmarkgraf.com\/de\/nature\/","title":{"rendered":"Natur"},"content":{"rendered":"<div class=\"tiled-gallery type-rectangular tiled-gallery-unresized\" data-original-width=\"625\" data-carousel-extra='{&quot;blog_id&quot;:1,&quot;permalink&quot;:&quot;https:\\\/\\\/berndmarkgraf.com\\\/de\\\/nature\\\/&quot;,&quot;likes_blog_id&quot;:62146007}' itemscope itemtype=\"http:\/\/schema.org\/ImageGallery\" > <div class=\"gallery-row\" style=\"width: 625px; height: 420px;\" data-original-width=\"625\" data-original-height=\"420\" > <div class=\"gallery-group images-1\" style=\"width: 420px; height: 420px;\" data-original-width=\"420\" data-original-height=\"420\" > <div class=\"tiled-gallery-item tiled-gallery-item-large\" itemprop=\"associatedMedia\" itemscope itemtype=\"http:\/\/schema.org\/ImageObject\"> <a href=\"https:\/\/berndmarkgraf.com\/de\/nature\/_mg_9743\/\" border=\"0\" itemprop=\"url\"> <meta itemprop=\"width\" content=\"416\"> <meta itemprop=\"height\" content=\"416\"> <img decoding=\"async\" class=\"\" data-attachment-id=\"1505\" data-orig-file=\"https:\/\/berndmarkgraf.com\/wp-content\/uploads\/2018\/04\/MG_9743.jpg\" data-orig-size=\"2482,2482\" data-comments-opened=\"1\" data-image-meta=\"{&quot;aperture&quot;:&quot;0&quot;,&quot;credit&quot;:&quot;&quot;,&quot;camera&quot;:&quot;&quot;,&quot;caption&quot;:&quot;&quot;,&quot;created_timestamp&quot;:&quot;0&quot;,&quot;copyright&quot;:&quot;2018 Bernd Markgraf&quot;,&quot;focal_length&quot;:&quot;0&quot;,&quot;iso&quot;:&quot;0&quot;,&quot;shutter_speed&quot;:&quot;0&quot;,&quot;title&quot;:&quot;&quot;,&quot;orientation&quot;:&quot;0&quot;}\" data-image-title=\"Strelitzia reginae\" data-image-description=\"\" data-medium-file=\"https:\/\/i0.wp.com\/berndmarkgraf.com\/wp-content\/uploads\/2018\/04\/MG_9743.jpg?fit=300%2C300&#038;ssl=1\" data-large-file=\"https:\/\/i0.wp.com\/berndmarkgraf.com\/wp-content\/uploads\/2018\/04\/MG_9743.jpg?fit=625%2C625&#038;ssl=1\" src=\"https:\/\/i0.wp.com\/berndmarkgraf.com\/wp-content\/uploads\/2018\/04\/MG_9743.jpg?w=416&#038;h=416&#038;crop=1&#038;ssl=1\" srcset=\"https:\/\/i0.wp.com\/berndmarkgraf.com\/wp-content\/uploads\/2018\/04\/MG_9743.jpg?w=2482&amp;ssl=1 2482w, https:\/\/i0.wp.com\/berndmarkgraf.com\/wp-content\/uploads\/2018\/04\/MG_9743.jpg?resize=150%2C150&amp;ssl=1 150w, https:\/\/i0.wp.com\/berndmarkgraf.com\/wp-content\/uploads\/2018\/04\/MG_9743.jpg?resize=300%2C300&amp;ssl=1 300w, https:\/\/i0.wp.com\/berndmarkgraf.com\/wp-content\/uploads\/2018\/04\/MG_9743.jpg?resize=768%2C768&amp;ssl=1 768w, https:\/\/i0.wp.com\/berndmarkgraf.com\/wp-content\/uploads\/2018\/04\/MG_9743.jpg?resize=1024%2C1024&amp;ssl=1 1024w, https:\/\/i0.wp.com\/berndmarkgraf.com\/wp-content\/uploads\/2018\/04\/MG_9743.jpg?resize=624%2C624&amp;ssl=1 624w, https:\/\/i0.wp.com\/berndmarkgraf.com\/wp-content\/uploads\/2018\/04\/MG_9743.jpg?w=1250&amp;ssl=1 1250w, https:\/\/i0.wp.com\/berndmarkgraf.com\/wp-content\/uploads\/2018\/04\/MG_9743.jpg?w=1875&amp;ssl=1 1875w\" width=\"416\" height=\"416\" loading=\"lazy\" data-original-width=\"416\" data-original-height=\"416\" itemprop=\"http:\/\/schema.org\/image\" title=\"Strelitzia reginae\" alt=\"Strelitzia reginae\" style=\"width: 416px; height: 416px;\" \/> <\/a> <\/div> <\/div> <!-- close group --> <div class=\"gallery-group images-2\" style=\"width: 205px; height: 420px;\" data-original-width=\"205\" data-original-height=\"420\" > <div class=\"tiled-gallery-item tiled-gallery-item-small\" itemprop=\"associatedMedia\" itemscope itemtype=\"http:\/\/schema.org\/ImageObject\"> <a href=\"https:\/\/berndmarkgraf.com\/de\/nature\/_mg_9665-2\/\" border=\"0\" itemprop=\"url\"> <meta itemprop=\"width\" content=\"201\"> <meta itemprop=\"height\" content=\"201\"> <img decoding=\"async\" class=\"\" data-attachment-id=\"1506\" data-orig-file=\"https:\/\/berndmarkgraf.com\/wp-content\/uploads\/2018\/04\/MG_9665.jpg\" data-orig-size=\"2868,2868\" data-comments-opened=\"1\" data-image-meta=\"{&quot;aperture&quot;:&quot;0&quot;,&quot;credit&quot;:&quot;&quot;,&quot;camera&quot;:&quot;&quot;,&quot;caption&quot;:&quot;&quot;,&quot;created_timestamp&quot;:&quot;0&quot;,&quot;copyright&quot;:&quot;2018 Bernd Markgraf&quot;,&quot;focal_length&quot;:&quot;0&quot;,&quot;iso&quot;:&quot;0&quot;,&quot;shutter_speed&quot;:&quot;0&quot;,&quot;title&quot;:&quot;&quot;,&quot;orientation&quot;:&quot;0&quot;}\" data-image-title=\"Geranium maderense\" data-image-description=\"\" data-medium-file=\"https:\/\/i0.wp.com\/berndmarkgraf.com\/wp-content\/uploads\/2018\/04\/MG_9665.jpg?fit=300%2C300&#038;ssl=1\" data-large-file=\"https:\/\/i0.wp.com\/berndmarkgraf.com\/wp-content\/uploads\/2018\/04\/MG_9665.jpg?fit=625%2C625&#038;ssl=1\" src=\"https:\/\/i0.wp.com\/berndmarkgraf.com\/wp-content\/uploads\/2018\/04\/MG_9665.jpg?w=201&#038;h=201&#038;crop=1&#038;ssl=1\" srcset=\"https:\/\/i0.wp.com\/berndmarkgraf.com\/wp-content\/uploads\/2018\/04\/MG_9665.jpg?w=2868&amp;ssl=1 2868w, https:\/\/i0.wp.com\/berndmarkgraf.com\/wp-content\/uploads\/2018\/04\/MG_9665.jpg?resize=150%2C150&amp;ssl=1 150w, https:\/\/i0.wp.com\/berndmarkgraf.com\/wp-content\/uploads\/2018\/04\/MG_9665.jpg?resize=300%2C300&amp;ssl=1 300w, https:\/\/i0.wp.com\/berndmarkgraf.com\/wp-content\/uploads\/2018\/04\/MG_9665.jpg?resize=768%2C768&amp;ssl=1 768w, https:\/\/i0.wp.com\/berndmarkgraf.com\/wp-content\/uploads\/2018\/04\/MG_9665.jpg?resize=1024%2C1024&amp;ssl=1 1024w, https:\/\/i0.wp.com\/berndmarkgraf.com\/wp-content\/uploads\/2018\/04\/MG_9665.jpg?resize=624%2C624&amp;ssl=1 624w, https:\/\/i0.wp.com\/berndmarkgraf.com\/wp-content\/uploads\/2018\/04\/MG_9665.jpg?w=1250&amp;ssl=1 1250w, https:\/\/i0.wp.com\/berndmarkgraf.com\/wp-content\/uploads\/2018\/04\/MG_9665.jpg?w=1875&amp;ssl=1 1875w\" width=\"201\" height=\"201\" loading=\"lazy\" data-original-width=\"201\" data-original-height=\"201\" itemprop=\"http:\/\/schema.org\/image\" title=\"Geranium maderense\" alt=\"Geranium maderense\" style=\"width: 201px; height: 201px;\" \/> <\/a> <\/div> <div class=\"tiled-gallery-item tiled-gallery-item-small\" itemprop=\"associatedMedia\" itemscope itemtype=\"http:\/\/schema.org\/ImageObject\"> <a href=\"https:\/\/berndmarkgraf.com\/de\/nature\/_mg_9711\/\" border=\"0\" itemprop=\"url\"> <meta itemprop=\"width\" content=\"201\"> <meta itemprop=\"height\" content=\"211\"> <img decoding=\"async\" class=\"\" data-attachment-id=\"1507\" data-orig-file=\"https:\/\/berndmarkgraf.com\/wp-content\/uploads\/2018\/04\/MG_9711.jpg\" data-orig-size=\"2624,2758\" data-comments-opened=\"1\" data-image-meta=\"{&quot;aperture&quot;:&quot;0&quot;,&quot;credit&quot;:&quot;&quot;,&quot;camera&quot;:&quot;&quot;,&quot;caption&quot;:&quot;&quot;,&quot;created_timestamp&quot;:&quot;0&quot;,&quot;copyright&quot;:&quot;2018 Bernd Markgraf&quot;,&quot;focal_length&quot;:&quot;0&quot;,&quot;iso&quot;:&quot;0&quot;,&quot;shutter_speed&quot;:&quot;0&quot;,&quot;title&quot;:&quot;&quot;,&quot;orientation&quot;:&quot;0&quot;}\" data-image-title=\"\" data-image-description=\"\" data-medium-file=\"https:\/\/i0.wp.com\/berndmarkgraf.com\/wp-content\/uploads\/2018\/04\/MG_9711.jpg?fit=285%2C300&#038;ssl=1\" data-large-file=\"https:\/\/i0.wp.com\/berndmarkgraf.com\/wp-content\/uploads\/2018\/04\/MG_9711.jpg?fit=625%2C657&#038;ssl=1\" src=\"https:\/\/i0.wp.com\/berndmarkgraf.com\/wp-content\/uploads\/2018\/04\/MG_9711.jpg?w=201&#038;h=211&#038;ssl=1\" srcset=\"https:\/\/i0.wp.com\/berndmarkgraf.com\/wp-content\/uploads\/2018\/04\/MG_9711.jpg?w=2624&amp;ssl=1 2624w, https:\/\/i0.wp.com\/berndmarkgraf.com\/wp-content\/uploads\/2018\/04\/MG_9711.jpg?resize=285%2C300&amp;ssl=1 285w, https:\/\/i0.wp.com\/berndmarkgraf.com\/wp-content\/uploads\/2018\/04\/MG_9711.jpg?resize=768%2C807&amp;ssl=1 768w, https:\/\/i0.wp.com\/berndmarkgraf.com\/wp-content\/uploads\/2018\/04\/MG_9711.jpg?resize=974%2C1024&amp;ssl=1 974w, https:\/\/i0.wp.com\/berndmarkgraf.com\/wp-content\/uploads\/2018\/04\/MG_9711.jpg?resize=624%2C656&amp;ssl=1 624w, https:\/\/i0.wp.com\/berndmarkgraf.com\/wp-content\/uploads\/2018\/04\/MG_9711.jpg?w=1250&amp;ssl=1 1250w, https:\/\/i0.wp.com\/berndmarkgraf.com\/wp-content\/uploads\/2018\/04\/MG_9711.jpg?w=1875&amp;ssl=1 1875w\" width=\"201\" height=\"211\" loading=\"lazy\" data-original-width=\"201\" data-original-height=\"211\" itemprop=\"http:\/\/schema.org\/image\" title=\"\" alt=\"\" style=\"width: 201px; height: 211px;\" \/> <\/a> <\/div> <\/div> <!-- close group --> <\/div> <!-- close row --> <div class=\"gallery-row\" style=\"width: 625px; height: 123px;\" data-original-width=\"625\" data-original-height=\"123\" > <div class=\"gallery-group images-1\" style=\"width: 137px; height: 123px;\" data-original-width=\"137\" data-original-height=\"123\" > <div class=\"tiled-gallery-item tiled-gallery-item-small\" itemprop=\"associatedMedia\" itemscope itemtype=\"http:\/\/schema.org\/ImageObject\"> <a href=\"https:\/\/berndmarkgraf.com\/de\/nature\/_mg_9681\/\" border=\"0\" itemprop=\"url\"> <meta itemprop=\"width\" content=\"133\"> <meta itemprop=\"height\" content=\"119\"> <img decoding=\"async\" class=\"\" data-attachment-id=\"1508\" data-orig-file=\"https:\/\/berndmarkgraf.com\/wp-content\/uploads\/2018\/04\/MG_9681.jpg\" data-orig-size=\"2458,2196\" data-comments-opened=\"1\" data-image-meta=\"{&quot;aperture&quot;:&quot;0&quot;,&quot;credit&quot;:&quot;&quot;,&quot;camera&quot;:&quot;&quot;,&quot;caption&quot;:&quot;&quot;,&quot;created_timestamp&quot;:&quot;0&quot;,&quot;copyright&quot;:&quot;2018 Bernd Markgraf&quot;,&quot;focal_length&quot;:&quot;0&quot;,&quot;iso&quot;:&quot;0&quot;,&quot;shutter_speed&quot;:&quot;0&quot;,&quot;title&quot;:&quot;&quot;,&quot;orientation&quot;:&quot;0&quot;}\" data-image-title=\"Cistus incanus\" data-image-description=\"\" data-medium-file=\"https:\/\/i0.wp.com\/berndmarkgraf.com\/wp-content\/uploads\/2018\/04\/MG_9681.jpg?fit=300%2C268&#038;ssl=1\" data-large-file=\"https:\/\/i0.wp.com\/berndmarkgraf.com\/wp-content\/uploads\/2018\/04\/MG_9681.jpg?fit=625%2C558&#038;ssl=1\" src=\"https:\/\/i0.wp.com\/berndmarkgraf.com\/wp-content\/uploads\/2018\/04\/MG_9681.jpg?w=133&#038;h=119&#038;ssl=1\" srcset=\"https:\/\/i0.wp.com\/berndmarkgraf.com\/wp-content\/uploads\/2018\/04\/MG_9681.jpg?w=2458&amp;ssl=1 2458w, https:\/\/i0.wp.com\/berndmarkgraf.com\/wp-content\/uploads\/2018\/04\/MG_9681.jpg?resize=300%2C268&amp;ssl=1 300w, https:\/\/i0.wp.com\/berndmarkgraf.com\/wp-content\/uploads\/2018\/04\/MG_9681.jpg?resize=768%2C686&amp;ssl=1 768w, https:\/\/i0.wp.com\/berndmarkgraf.com\/wp-content\/uploads\/2018\/04\/MG_9681.jpg?resize=1024%2C915&amp;ssl=1 1024w, https:\/\/i0.wp.com\/berndmarkgraf.com\/wp-content\/uploads\/2018\/04\/MG_9681.jpg?resize=624%2C557&amp;ssl=1 624w, https:\/\/i0.wp.com\/berndmarkgraf.com\/wp-content\/uploads\/2018\/04\/MG_9681.jpg?w=1250&amp;ssl=1 1250w, https:\/\/i0.wp.com\/berndmarkgraf.com\/wp-content\/uploads\/2018\/04\/MG_9681.jpg?w=1875&amp;ssl=1 1875w\" width=\"133\" height=\"119\" loading=\"lazy\" data-original-width=\"133\" data-original-height=\"119\" itemprop=\"http:\/\/schema.org\/image\" title=\"Cistus incanus\" alt=\"Cistus incanus\" style=\"width: 133px; height: 119px;\" \/> <\/a> <\/div> <\/div> <!-- close group --> <div class=\"gallery-group images-1\" style=\"width: 183px; height: 123px;\" data-original-width=\"183\" data-original-height=\"123\" > <div class=\"tiled-gallery-item tiled-gallery-item-small\" itemprop=\"associatedMedia\" itemscope itemtype=\"http:\/\/schema.org\/ImageObject\"> <a href=\"https:\/\/berndmarkgraf.com\/de\/nature\/pastel-by-bernd-markgraf\/\" border=\"0\" itemprop=\"url\"> <meta itemprop=\"width\" content=\"179\"> <meta itemprop=\"height\" content=\"119\"> <img decoding=\"async\" class=\"\" data-attachment-id=\"1517\" data-orig-file=\"https:\/\/berndmarkgraf.com\/wp-content\/uploads\/2018\/05\/pastel-by-bernd-markgraf.jpg\" data-orig-size=\"4368,2912\" data-comments-opened=\"1\" data-image-meta=\"{&quot;aperture&quot;:&quot;0&quot;,&quot;credit&quot;:&quot;&quot;,&quot;camera&quot;:&quot;&quot;,&quot;caption&quot;:&quot;&quot;,&quot;created_timestamp&quot;:&quot;0&quot;,&quot;copyright&quot;:&quot;2018 Bernd Markgraf&quot;,&quot;focal_length&quot;:&quot;0&quot;,&quot;iso&quot;:&quot;0&quot;,&quot;shutter_speed&quot;:&quot;0&quot;,&quot;title&quot;:&quot;&quot;,&quot;orientation&quot;:&quot;0&quot;}\" data-image-title=\"Pastel Hibiskus\" data-image-description=\"&lt;p&gt;Pastel Hibiskus&lt;\/p&gt; \" data-medium-file=\"https:\/\/i0.wp.com\/berndmarkgraf.com\/wp-content\/uploads\/2018\/05\/pastel-by-bernd-markgraf.jpg?fit=300%2C200&#038;ssl=1\" data-large-file=\"https:\/\/i0.wp.com\/berndmarkgraf.com\/wp-content\/uploads\/2018\/05\/pastel-by-bernd-markgraf.jpg?fit=625%2C417&#038;ssl=1\" src=\"https:\/\/i0.wp.com\/berndmarkgraf.com\/wp-content\/uploads\/2018\/05\/pastel-by-bernd-markgraf.jpg?w=179&#038;h=119&#038;ssl=1\" srcset=\"https:\/\/i0.wp.com\/berndmarkgraf.com\/wp-content\/uploads\/2018\/05\/pastel-by-bernd-markgraf.jpg?w=4368&amp;ssl=1 4368w, https:\/\/i0.wp.com\/berndmarkgraf.com\/wp-content\/uploads\/2018\/05\/pastel-by-bernd-markgraf.jpg?resize=300%2C200&amp;ssl=1 300w, https:\/\/i0.wp.com\/berndmarkgraf.com\/wp-content\/uploads\/2018\/05\/pastel-by-bernd-markgraf.jpg?resize=768%2C512&amp;ssl=1 768w, https:\/\/i0.wp.com\/berndmarkgraf.com\/wp-content\/uploads\/2018\/05\/pastel-by-bernd-markgraf.jpg?resize=1024%2C683&amp;ssl=1 1024w, https:\/\/i0.wp.com\/berndmarkgraf.com\/wp-content\/uploads\/2018\/05\/pastel-by-bernd-markgraf.jpg?resize=624%2C416&amp;ssl=1 624w, https:\/\/i0.wp.com\/berndmarkgraf.com\/wp-content\/uploads\/2018\/05\/pastel-by-bernd-markgraf.jpg?w=1250&amp;ssl=1 1250w, https:\/\/i0.wp.com\/berndmarkgraf.com\/wp-content\/uploads\/2018\/05\/pastel-by-bernd-markgraf.jpg?w=1875&amp;ssl=1 1875w\" width=\"179\" height=\"119\" loading=\"lazy\" data-original-width=\"179\" data-original-height=\"119\" itemprop=\"http:\/\/schema.org\/image\" title=\"Pastel Hibiskus\" alt=\"Pastel Hibiskus\" style=\"width: 179px; height: 119px;\" \/> <\/a> <\/div> <\/div> <!-- close group --> <div class=\"gallery-group images-1\" style=\"width: 182px; height: 123px;\" data-original-width=\"182\" data-original-height=\"123\" > <div class=\"tiled-gallery-item tiled-gallery-item-small\" itemprop=\"associatedMedia\" itemscope itemtype=\"http:\/\/schema.org\/ImageObject\"> <a href=\"https:\/\/berndmarkgraf.com\/de\/nature\/nuts-by-bernd-markgraf\/\" border=\"0\" itemprop=\"url\"> <meta itemprop=\"width\" content=\"178\"> <meta itemprop=\"height\" content=\"119\"> <img decoding=\"async\" class=\"\" data-attachment-id=\"1518\" data-orig-file=\"https:\/\/berndmarkgraf.com\/wp-content\/uploads\/2018\/05\/nuts-by-bernd-markgraf.jpg\" data-orig-size=\"4368,2912\" data-comments-opened=\"1\" data-image-meta=\"{&quot;aperture&quot;:&quot;0&quot;,&quot;credit&quot;:&quot;&quot;,&quot;camera&quot;:&quot;&quot;,&quot;caption&quot;:&quot;&quot;,&quot;created_timestamp&quot;:&quot;0&quot;,&quot;copyright&quot;:&quot;2018 Bernd Markgraf&quot;,&quot;focal_length&quot;:&quot;0&quot;,&quot;iso&quot;:&quot;0&quot;,&quot;shutter_speed&quot;:&quot;0&quot;,&quot;title&quot;:&quot;&quot;,&quot;orientation&quot;:&quot;0&quot;}\" data-image-title=\"Nuts\" data-image-description=\"&lt;p&gt;Strawberries are nuts&amp;#8230;&lt;\/p&gt; \" data-medium-file=\"https:\/\/i0.wp.com\/berndmarkgraf.com\/wp-content\/uploads\/2018\/05\/nuts-by-bernd-markgraf.jpg?fit=300%2C200&#038;ssl=1\" data-large-file=\"https:\/\/i0.wp.com\/berndmarkgraf.com\/wp-content\/uploads\/2018\/05\/nuts-by-bernd-markgraf.jpg?fit=625%2C417&#038;ssl=1\" src=\"https:\/\/i0.wp.com\/berndmarkgraf.com\/wp-content\/uploads\/2018\/05\/nuts-by-bernd-markgraf.jpg?w=178&#038;h=119&#038;ssl=1\" srcset=\"https:\/\/i0.wp.com\/berndmarkgraf.com\/wp-content\/uploads\/2018\/05\/nuts-by-bernd-markgraf.jpg?w=4368&amp;ssl=1 4368w, https:\/\/i0.wp.com\/berndmarkgraf.com\/wp-content\/uploads\/2018\/05\/nuts-by-bernd-markgraf.jpg?resize=300%2C200&amp;ssl=1 300w, https:\/\/i0.wp.com\/berndmarkgraf.com\/wp-content\/uploads\/2018\/05\/nuts-by-bernd-markgraf.jpg?resize=768%2C512&amp;ssl=1 768w, https:\/\/i0.wp.com\/berndmarkgraf.com\/wp-content\/uploads\/2018\/05\/nuts-by-bernd-markgraf.jpg?resize=1024%2C683&amp;ssl=1 1024w, https:\/\/i0.wp.com\/berndmarkgraf.com\/wp-content\/uploads\/2018\/05\/nuts-by-bernd-markgraf.jpg?resize=624%2C416&amp;ssl=1 624w, https:\/\/i0.wp.com\/berndmarkgraf.com\/wp-content\/uploads\/2018\/05\/nuts-by-bernd-markgraf.jpg?w=1250&amp;ssl=1 1250w, https:\/\/i0.wp.com\/berndmarkgraf.com\/wp-content\/uploads\/2018\/05\/nuts-by-bernd-markgraf.jpg?w=1875&amp;ssl=1 1875w\" width=\"178\" height=\"119\" loading=\"lazy\" data-original-width=\"178\" data-original-height=\"119\" itemprop=\"http:\/\/schema.org\/image\" title=\"Nuts\" alt=\"Nuts\" style=\"width: 178px; height: 119px;\" \/> <\/a> <\/div> <\/div> <!-- close group --> <div class=\"gallery-group images-1\" style=\"width: 123px; height: 123px;\" data-original-width=\"123\" data-original-height=\"123\" > <div class=\"tiled-gallery-item tiled-gallery-item-small\" itemprop=\"associatedMedia\" itemscope itemtype=\"http:\/\/schema.org\/ImageObject\"> <a href=\"https:\/\/berndmarkgraf.com\/de\/nature\/_mg_9858\/\" border=\"0\" itemprop=\"url\"> <meta itemprop=\"width\" content=\"119\"> <meta itemprop=\"height\" content=\"119\"> <img decoding=\"async\" class=\"\" data-attachment-id=\"1526\" data-orig-file=\"https:\/\/berndmarkgraf.com\/wp-content\/uploads\/2018\/05\/MG_9858.jpg\" data-orig-size=\"2932,2932\" data-comments-opened=\"1\" data-image-meta=\"{&quot;aperture&quot;:&quot;0&quot;,&quot;credit&quot;:&quot;&quot;,&quot;camera&quot;:&quot;&quot;,&quot;caption&quot;:&quot;&quot;,&quot;created_timestamp&quot;:&quot;0&quot;,&quot;copyright&quot;:&quot;2018 Bernd Markgraf&quot;,&quot;focal_length&quot;:&quot;0&quot;,&quot;iso&quot;:&quot;0&quot;,&quot;shutter_speed&quot;:&quot;0&quot;,&quot;title&quot;:&quot;&quot;,&quot;orientation&quot;:&quot;0&quot;}\" data-image-title=\"Clematis\" data-image-description=\"\" data-medium-file=\"https:\/\/i0.wp.com\/berndmarkgraf.com\/wp-content\/uploads\/2018\/05\/MG_9858.jpg?fit=300%2C300&#038;ssl=1\" data-large-file=\"https:\/\/i0.wp.com\/berndmarkgraf.com\/wp-content\/uploads\/2018\/05\/MG_9858.jpg?fit=625%2C625&#038;ssl=1\" src=\"https:\/\/i0.wp.com\/berndmarkgraf.com\/wp-content\/uploads\/2018\/05\/MG_9858.jpg?w=119&#038;h=119&#038;crop=1&#038;ssl=1\" srcset=\"https:\/\/i0.wp.com\/berndmarkgraf.com\/wp-content\/uploads\/2018\/05\/MG_9858.jpg?w=2932&amp;ssl=1 2932w, https:\/\/i0.wp.com\/berndmarkgraf.com\/wp-content\/uploads\/2018\/05\/MG_9858.jpg?resize=150%2C150&amp;ssl=1 150w, https:\/\/i0.wp.com\/berndmarkgraf.com\/wp-content\/uploads\/2018\/05\/MG_9858.jpg?resize=300%2C300&amp;ssl=1 300w, https:\/\/i0.wp.com\/berndmarkgraf.com\/wp-content\/uploads\/2018\/05\/MG_9858.jpg?resize=768%2C768&amp;ssl=1 768w, https:\/\/i0.wp.com\/berndmarkgraf.com\/wp-content\/uploads\/2018\/05\/MG_9858.jpg?resize=1024%2C1024&amp;ssl=1 1024w, https:\/\/i0.wp.com\/berndmarkgraf.com\/wp-content\/uploads\/2018\/05\/MG_9858.jpg?resize=624%2C624&amp;ssl=1 624w, https:\/\/i0.wp.com\/berndmarkgraf.com\/wp-content\/uploads\/2018\/05\/MG_9858.jpg?w=1250&amp;ssl=1 1250w, https:\/\/i0.wp.com\/berndmarkgraf.com\/wp-content\/uploads\/2018\/05\/MG_9858.jpg?w=1875&amp;ssl=1 1875w\" width=\"119\" height=\"119\" loading=\"lazy\" data-original-width=\"119\" data-original-height=\"119\" itemprop=\"http:\/\/schema.org\/image\" title=\"Clematis\" alt=\"Clematis\" style=\"width: 119px; height: 119px;\" \/> <\/a> <\/div> <\/div> <!-- close group --> <\/div> <!-- close row --> <\/div>\n","protected":false},"excerpt":{"rendered":"","protected":false},"author":1,"featured_media":0,"parent":0,"menu_order":0,"comment_status":"closed","ping_status":"closed","template":"","meta":{"jetpack_post_was_ever_published":false,"footnotes":""},"class_list":["post-1504","page","type-page","status-publish","hentry"],"jetpack_sharing_enabled":true,"jetpack_shortlink":"https:\/\/wp.me\/P4cL0X-og","jetpack-related-posts":[{"id":721,"url":"https:\/\/berndmarkgraf.com\/de\/men\/","url_meta":{"origin":1504,"position":0},"title":"M\u00e4nner","author":"bernd.markgraf@gmail.com","date":"September 21, 2015","format":false,"excerpt":"","rel":"","context":"\u00c4hnlicher Beitrag","block_context":{"text":"\u00c4hnlicher Beitrag","link":""},"img":{"alt_text":"","src":"https:\/\/i0.wp.com\/berndmarkgraf.com\/wp-content\/uploads\/2015\/09\/MG_6488.jpg?resize=350%2C200","width":350,"height":200,"srcset":"https:\/\/i0.wp.com\/berndmarkgraf.com\/wp-content\/uploads\/2015\/09\/MG_6488.jpg?resize=350%2C200 1x, https:\/\/i0.wp.com\/berndmarkgraf.com\/wp-content\/uploads\/2015\/09\/MG_6488.jpg?resize=525%2C300 1.5x, https:\/\/i0.wp.com\/berndmarkgraf.com\/wp-content\/uploads\/2015\/09\/MG_6488.jpg?resize=700%2C400 2x"},"classes":[]},{"id":755,"url":"https:\/\/berndmarkgraf.com\/de\/product-and-table-top-photography\/","url_meta":{"origin":1504,"position":1},"title":"Produktfotografie","author":"bernd.markgraf@gmail.com","date":"September 23, 2015","format":false,"excerpt":"","rel":"","context":"\u00c4hnlicher Beitrag","block_context":{"text":"\u00c4hnlicher Beitrag","link":""},"img":{"alt_text":"","src":"https:\/\/i0.wp.com\/berndmarkgraf.com\/wp-content\/uploads\/2015\/09\/20121114-00022.jpg?fit=617%2C1200&ssl=1&resize=350%2C200","width":350,"height":200,"srcset":"https:\/\/i0.wp.com\/berndmarkgraf.com\/wp-content\/uploads\/2015\/09\/20121114-00022.jpg?fit=617%2C1200&ssl=1&resize=350%2C200 1x, https:\/\/i0.wp.com\/berndmarkgraf.com\/wp-content\/uploads\/2015\/09\/20121114-00022.jpg?fit=617%2C1200&ssl=1&resize=525%2C300 1.5x"},"classes":[]},{"id":8,"url":"https:\/\/berndmarkgraf.com\/de\/about-me\/","url_meta":{"origin":1504,"position":2},"title":"\u00dcber mich","author":"bernd.markgraf@gmail.com","date":"Januar 31, 2014","format":false,"excerpt":"Willkommen Mein Name ist Bernd Markgraf. Ich bin stolzer Vater zweier Kinder, habe irgendwann mal Computerkram studiert und arbeite in einem Krankenhaus. Nebenher erfreue ich mich und mein Umfeld mit meinen Kochk\u00fcnsten. Meine weitere Leidenschaft ist die Fotografie, der mehr Zeit zukommen soll. Dank der Neurodermitis unserer Zwerge bin ich\u2026","rel":"","context":"\u00c4hnlicher Beitrag","block_context":{"text":"\u00c4hnlicher Beitrag","link":""},"img":{"alt_text":"","src":"","width":0,"height":0},"classes":[]},{"id":516,"url":"https:\/\/berndmarkgraf.com\/de\/hochzeit\/","url_meta":{"origin":1504,"position":3},"title":"Hochzeit Christine+Wolf","author":"bernd.markgraf@gmail.com","date":"September 10, 2015","format":false,"excerpt":"","rel":"","context":"\u00c4hnlicher Beitrag","block_context":{"text":"\u00c4hnlicher Beitrag","link":""},"img":{"alt_text":"","src":"https:\/\/i0.wp.com\/berndmarkgraf.com\/wp-content\/uploads\/2015\/09\/MG_0335.jpg?fit=800%2C1200&ssl=1&resize=350%2C200","width":350,"height":200,"srcset":"https:\/\/i0.wp.com\/berndmarkgraf.com\/wp-content\/uploads\/2015\/09\/MG_0335.jpg?fit=800%2C1200&ssl=1&resize=350%2C200 1x, https:\/\/i0.wp.com\/berndmarkgraf.com\/wp-content\/uploads\/2015\/09\/MG_0335.jpg?fit=800%2C1200&ssl=1&resize=525%2C300 1.5x, https:\/\/i0.wp.com\/berndmarkgraf.com\/wp-content\/uploads\/2015\/09\/MG_0335.jpg?fit=800%2C1200&ssl=1&resize=700%2C400 2x"},"classes":[]},{"id":41,"url":"https:\/\/berndmarkgraf.com\/de\/impressum-legal-info\/","url_meta":{"origin":1504,"position":4},"title":"Impressum","author":"bernd.markgraf@gmail.com","date":"April 9, 2014","format":false,"excerpt":"Impressum Angaben gem\u00e4\u00df \u00a7 5 TMG: Bernd Markgraf Stichlerweg 32 39122 Magdeburg Kontakt: Telefon: 01707204179 E-Mail: bernd.markgraf@gmail.com Quelle: http:\/\/www.e-recht24.de Haftungsausschluss (Disclaimer) Haftung f\u00fcr Inhalte Als Diensteanbieter sind wir gem\u00e4\u00df \u00a7 7 Abs.1 TMG f\u00fcr eigene Inhalte auf diesen Seiten nach den allgemeinen Gesetzen verantwortlich. Nach \u00a7\u00a7 8 bis 10 TMG\u2026","rel":"","context":"\u00c4hnlicher Beitrag","block_context":{"text":"\u00c4hnlicher Beitrag","link":""},"img":{"alt_text":"","src":"","width":0,"height":0},"classes":[]}],"jetpack_likes_enabled":true,"_links":{"self":[{"href":"https:\/\/berndmarkgraf.com\/de\/wp-json\/wp\/v2\/pages\/1504","targetHints":{"allow":["GET"]}}],"collection":[{"href":"https:\/\/berndmarkgraf.com\/de\/wp-json\/wp\/v2\/pages"}],"about":[{"href":"https:\/\/berndmarkgraf.com\/de\/wp-json\/wp\/v2\/types\/page"}],"author":[{"embeddable":true,"href":"https:\/\/berndmarkgraf.com\/de\/wp-json\/wp\/v2\/users\/1"}],"replies":[{"embeddable":true,"href":"https:\/\/berndmarkgraf.com\/de\/wp-json\/wp\/v2\/comments?post=1504"}],"version-history":[{"count":3,"href":"https:\/\/berndmarkgraf.com\/de\/wp-json\/wp\/v2\/pages\/1504\/revisions"}],"predecessor-version":[{"id":1527,"href":"https:\/\/berndmarkgraf.com\/de\/wp-json\/wp\/v2\/pages\/1504\/revisions\/1527"}],"wp:attachment":[{"href":"https:\/\/berndmarkgraf.com\/de\/wp-json\/wp\/v2\/media?parent=1504"}],"curies":[{"name":"wp","href":"https:\/\/api.w.org\/{rel}","templated":true}]}}