{"id":1469,"date":"2017-05-31T10:18:38","date_gmt":"2017-05-31T08:18:38","guid":{"rendered":"http:\/\/berndmarkgraf.com\/?page_id=1469"},"modified":"2017-05-31T10:18:38","modified_gmt":"2017-05-31T08:18:38","slug":"1469-2","status":"publish","type":"page","link":"https:\/\/berndmarkgraf.com\/de\/1469-2\/","title":{"rendered":""},"content":{"rendered":"<p class=\"qtranxs-available-languages-message qtranxs-available-languages-message-de\">Leider ist der Eintrag nur auf <a href=\"https:\/\/berndmarkgraf.com\/en\/wp-json\/wp\/v2\/pages\/1469\" class=\"qtranxs-available-language-link qtranxs-available-language-link-en\" title=\"English\">English<\/a> verf\u00fcgbar.<\/p>","protected":false},"excerpt":{"rendered":"","protected":false},"author":1,"featured_media":0,"parent":0,"menu_order":0,"comment_status":"closed","ping_status":"closed","template":"","meta":{"jetpack_post_was_ever_published":false,"footnotes":""},"class_list":["post-1469","page","type-page","status-publish","hentry"],"jetpack_sharing_enabled":true,"jetpack_shortlink":"https:\/\/wp.me\/P4cL0X-nH","jetpack-related-posts":[{"id":721,"url":"https:\/\/berndmarkgraf.com\/de\/men\/","url_meta":{"origin":1469,"position":0},"title":"M\u00e4nner","author":"bernd.markgraf@gmail.com","date":"September 21, 2015","format":false,"excerpt":"","rel":"","context":"\u00c4hnlicher Beitrag","block_context":{"text":"\u00c4hnlicher Beitrag","link":""},"img":{"alt_text":"","src":"https:\/\/i0.wp.com\/berndmarkgraf.com\/wp-content\/uploads\/2015\/09\/MG_6488.jpg?resize=350%2C200","width":350,"height":200,"srcset":"https:\/\/i0.wp.com\/berndmarkgraf.com\/wp-content\/uploads\/2015\/09\/MG_6488.jpg?resize=350%2C200 1x, https:\/\/i0.wp.com\/berndmarkgraf.com\/wp-content\/uploads\/2015\/09\/MG_6488.jpg?resize=525%2C300 1.5x, https:\/\/i0.wp.com\/berndmarkgraf.com\/wp-content\/uploads\/2015\/09\/MG_6488.jpg?resize=700%2C400 2x"},"classes":[]},{"id":1504,"url":"https:\/\/berndmarkgraf.com\/de\/nature\/","url_meta":{"origin":1469,"position":1},"title":"Natur","author":"bernd.markgraf@gmail.com","date":"April 6, 2018","format":false,"excerpt":"","rel":"","context":"\u00c4hnlicher Beitrag","block_context":{"text":"\u00c4hnlicher Beitrag","link":""},"img":{"alt_text":"","src":"https:\/\/i0.wp.com\/berndmarkgraf.com\/wp-content\/uploads\/2018\/04\/MG_9743.jpg?resize=350%2C200","width":350,"height":200,"srcset":"https:\/\/i0.wp.com\/berndmarkgraf.com\/wp-content\/uploads\/2018\/04\/MG_9743.jpg?resize=350%2C200 1x, https:\/\/i0.wp.com\/berndmarkgraf.com\/wp-content\/uploads\/2018\/04\/MG_9743.jpg?resize=525%2C300 1.5x, https:\/\/i0.wp.com\/berndmarkgraf.com\/wp-content\/uploads\/2018\/04\/MG_9743.jpg?resize=700%2C400 2x, https:\/\/i0.wp.com\/berndmarkgraf.com\/wp-content\/uploads\/2018\/04\/MG_9743.jpg?resize=1050%2C600 3x, https:\/\/i0.wp.com\/berndmarkgraf.com\/wp-content\/uploads\/2018\/04\/MG_9743.jpg?resize=1400%2C800 4x"},"classes":[]},{"id":755,"url":"https:\/\/berndmarkgraf.com\/de\/product-and-table-top-photography\/","url_meta":{"origin":1469,"position":2},"title":"Produktfotografie","author":"bernd.markgraf@gmail.com","date":"September 23, 2015","format":false,"excerpt":"","rel":"","context":"\u00c4hnlicher Beitrag","block_context":{"text":"\u00c4hnlicher Beitrag","link":""},"img":{"alt_text":"","src":"https:\/\/i0.wp.com\/berndmarkgraf.com\/wp-content\/uploads\/2015\/09\/20121114-00022.jpg?fit=617%2C1200&ssl=1&resize=350%2C200","width":350,"height":200,"srcset":"https:\/\/i0.wp.com\/berndmarkgraf.com\/wp-content\/uploads\/2015\/09\/20121114-00022.jpg?fit=617%2C1200&ssl=1&resize=350%2C200 1x, https:\/\/i0.wp.com\/berndmarkgraf.com\/wp-content\/uploads\/2015\/09\/20121114-00022.jpg?fit=617%2C1200&ssl=1&resize=525%2C300 1.5x"},"classes":[]},{"id":8,"url":"https:\/\/berndmarkgraf.com\/de\/about-me\/","url_meta":{"origin":1469,"position":3},"title":"\u00dcber mich","author":"bernd.markgraf@gmail.com","date":"Januar 31, 2014","format":false,"excerpt":"Willkommen Mein Name ist Bernd Markgraf. Ich bin stolzer Vater zweier Kinder, habe irgendwann mal Computerkram studiert und arbeite in einem Krankenhaus. Nebenher erfreue ich mich und mein Umfeld mit meinen Kochk\u00fcnsten. Meine weitere Leidenschaft ist die Fotografie, der mehr Zeit zukommen soll. Dank der Neurodermitis unserer Zwerge bin ich\u2026","rel":"","context":"\u00c4hnlicher Beitrag","block_context":{"text":"\u00c4hnlicher Beitrag","link":""},"img":{"alt_text":"","src":"","width":0,"height":0},"classes":[]},{"id":41,"url":"https:\/\/berndmarkgraf.com\/de\/impressum-legal-info\/","url_meta":{"origin":1469,"position":4},"title":"Impressum","author":"bernd.markgraf@gmail.com","date":"April 9, 2014","format":false,"excerpt":"Impressum Angaben gem\u00e4\u00df \u00a7 5 TMG: Bernd Markgraf Stichlerweg 32 39122 Magdeburg Kontakt: Telefon: 01707204179 E-Mail: bernd.markgraf@gmail.com Quelle: http:\/\/www.e-recht24.de Haftungsausschluss (Disclaimer) Haftung f\u00fcr Inhalte Als Diensteanbieter sind wir gem\u00e4\u00df \u00a7 7 Abs.1 TMG f\u00fcr eigene Inhalte auf diesen Seiten nach den allgemeinen Gesetzen verantwortlich. Nach \u00a7\u00a7 8 bis 10 TMG\u2026","rel":"","context":"\u00c4hnlicher Beitrag","block_context":{"text":"\u00c4hnlicher Beitrag","link":""},"img":{"alt_text":"","src":"","width":0,"height":0},"classes":[]}],"jetpack_likes_enabled":true,"_links":{"self":[{"href":"https:\/\/berndmarkgraf.com\/de\/wp-json\/wp\/v2\/pages\/1469","targetHints":{"allow":["GET"]}}],"collection":[{"href":"https:\/\/berndmarkgraf.com\/de\/wp-json\/wp\/v2\/pages"}],"about":[{"href":"https:\/\/berndmarkgraf.com\/de\/wp-json\/wp\/v2\/types\/page"}],"author":[{"embeddable":true,"href":"https:\/\/berndmarkgraf.com\/de\/wp-json\/wp\/v2\/users\/1"}],"replies":[{"embeddable":true,"href":"https:\/\/berndmarkgraf.com\/de\/wp-json\/wp\/v2\/comments?post=1469"}],"version-history":[{"count":2,"href":"https:\/\/berndmarkgraf.com\/de\/wp-json\/wp\/v2\/pages\/1469\/revisions"}],"predecessor-version":[{"id":1471,"href":"https:\/\/berndmarkgraf.com\/de\/wp-json\/wp\/v2\/pages\/1469\/revisions\/1471"}],"wp:attachment":[{"href":"https:\/\/berndmarkgraf.com\/de\/wp-json\/wp\/v2\/media?parent=1469"}],"curies":[{"name":"wp","href":"https:\/\/api.w.org\/{rel}","templated":true}]}}