{"id":1047,"date":"2016-04-19T10:04:01","date_gmt":"2016-04-19T08:04:01","guid":{"rendered":"http:\/\/berndmarkgraf.com\/?page_id=1047"},"modified":"2016-04-19T10:06:43","modified_gmt":"2016-04-19T08:06:43","slug":"digital-art","status":"publish","type":"page","link":"https:\/\/berndmarkgraf.com\/de\/digital-art\/","title":{"rendered":"Digital Art"},"content":{"rendered":"<div class=\"tiled-gallery type-rectangular tiled-gallery-unresized\" data-original-width=\"625\" data-carousel-extra='{&quot;blog_id&quot;:1,&quot;permalink&quot;:&quot;https:\\\/\\\/berndmarkgraf.com\\\/de\\\/digital-art\\\/&quot;,&quot;likes_blog_id&quot;:62146007}' itemscope itemtype=\"http:\/\/schema.org\/ImageGallery\" > <div class=\"gallery-row\" style=\"width: 625px; height: 536px;\" data-original-width=\"625\" data-original-height=\"536\" > <div class=\"gallery-group images-3\" style=\"width: 266px; height: 536px;\" data-original-width=\"266\" data-original-height=\"536\" > <div class=\"tiled-gallery-item tiled-gallery-item-large\" itemprop=\"associatedMedia\" itemscope itemtype=\"http:\/\/schema.org\/ImageObject\"> <a href=\"https:\/\/berndmarkgraf.com\/de\/melt-by-bernd-markgraf\/\" border=\"0\" itemprop=\"url\"> <meta itemprop=\"width\" content=\"262\"> <meta itemprop=\"height\" content=\"175\"> <img decoding=\"async\" class=\"\" data-attachment-id=\"1043\" data-orig-file=\"https:\/\/berndmarkgraf.com\/wp-content\/uploads\/2016\/04\/melt-by-Bernd-Markgraf.jpg\" data-orig-size=\"1500,1000\" data-comments-opened=\"1\" data-image-meta=\"{&quot;aperture&quot;:&quot;16&quot;,&quot;credit&quot;:&quot;&quot;,&quot;camera&quot;:&quot;Canon EOS 5D&quot;,&quot;caption&quot;:&quot;&quot;,&quot;created_timestamp&quot;:&quot;1452037879&quot;,&quot;copyright&quot;:&quot;&quot;,&quot;focal_length&quot;:&quot;100&quot;,&quot;iso&quot;:&quot;100&quot;,&quot;shutter_speed&quot;:&quot;0.033333333333333&quot;,&quot;title&quot;:&quot;&quot;,&quot;orientation&quot;:&quot;0&quot;}\" data-image-title=\"melt by Bernd Markgraf\" data-image-description=\"\" data-medium-file=\"https:\/\/i0.wp.com\/berndmarkgraf.com\/wp-content\/uploads\/2016\/04\/melt-by-Bernd-Markgraf.jpg?fit=300%2C200&#038;ssl=1\" data-large-file=\"https:\/\/i0.wp.com\/berndmarkgraf.com\/wp-content\/uploads\/2016\/04\/melt-by-Bernd-Markgraf.jpg?fit=625%2C417&#038;ssl=1\" src=\"https:\/\/i0.wp.com\/berndmarkgraf.com\/wp-content\/uploads\/2016\/04\/melt-by-Bernd-Markgraf.jpg?w=262&#038;h=175&#038;ssl=1\" srcset=\"https:\/\/i0.wp.com\/berndmarkgraf.com\/wp-content\/uploads\/2016\/04\/melt-by-Bernd-Markgraf.jpg?w=1500&amp;ssl=1 1500w, https:\/\/i0.wp.com\/berndmarkgraf.com\/wp-content\/uploads\/2016\/04\/melt-by-Bernd-Markgraf.jpg?resize=300%2C200&amp;ssl=1 300w, https:\/\/i0.wp.com\/berndmarkgraf.com\/wp-content\/uploads\/2016\/04\/melt-by-Bernd-Markgraf.jpg?resize=768%2C512&amp;ssl=1 768w, https:\/\/i0.wp.com\/berndmarkgraf.com\/wp-content\/uploads\/2016\/04\/melt-by-Bernd-Markgraf.jpg?resize=1024%2C683&amp;ssl=1 1024w, https:\/\/i0.wp.com\/berndmarkgraf.com\/wp-content\/uploads\/2016\/04\/melt-by-Bernd-Markgraf.jpg?resize=624%2C416&amp;ssl=1 624w, https:\/\/i0.wp.com\/berndmarkgraf.com\/wp-content\/uploads\/2016\/04\/melt-by-Bernd-Markgraf.jpg?w=1250&amp;ssl=1 1250w\" width=\"262\" height=\"175\" loading=\"lazy\" data-original-width=\"262\" data-original-height=\"175\" itemprop=\"http:\/\/schema.org\/image\" title=\"melt by Bernd Markgraf\" alt=\"melt by Bernd Markgraf\" style=\"width: 262px; height: 175px;\" \/> <\/a> <\/div> <div class=\"tiled-gallery-item tiled-gallery-item-large\" itemprop=\"associatedMedia\" itemscope itemtype=\"http:\/\/schema.org\/ImageObject\"> <a href=\"https:\/\/berndmarkgraf.com\/de\/autumn-by-bernd-markgraf\/\" border=\"0\" itemprop=\"url\"> <meta itemprop=\"width\" content=\"262\"> <meta itemprop=\"height\" content=\"175\"> <img decoding=\"async\" class=\"\" data-attachment-id=\"1044\" data-orig-file=\"https:\/\/berndmarkgraf.com\/wp-content\/uploads\/2016\/04\/Autumn-by-Bernd-Markgraf.jpg\" data-orig-size=\"1500,1000\" data-comments-opened=\"1\" data-image-meta=\"{&quot;aperture&quot;:&quot;16&quot;,&quot;credit&quot;:&quot;&quot;,&quot;camera&quot;:&quot;Canon EOS 5D&quot;,&quot;caption&quot;:&quot;&quot;,&quot;created_timestamp&quot;:&quot;1417271878&quot;,&quot;copyright&quot;:&quot;&quot;,&quot;focal_length&quot;:&quot;67&quot;,&quot;iso&quot;:&quot;100&quot;,&quot;shutter_speed&quot;:&quot;0.00625&quot;,&quot;title&quot;:&quot;&quot;,&quot;orientation&quot;:&quot;0&quot;}\" data-image-title=\"Autumn by Bernd Markgraf\" data-image-description=\"\" data-medium-file=\"https:\/\/i0.wp.com\/berndmarkgraf.com\/wp-content\/uploads\/2016\/04\/Autumn-by-Bernd-Markgraf.jpg?fit=300%2C200&#038;ssl=1\" data-large-file=\"https:\/\/i0.wp.com\/berndmarkgraf.com\/wp-content\/uploads\/2016\/04\/Autumn-by-Bernd-Markgraf.jpg?fit=625%2C417&#038;ssl=1\" src=\"https:\/\/i0.wp.com\/berndmarkgraf.com\/wp-content\/uploads\/2016\/04\/Autumn-by-Bernd-Markgraf.jpg?w=262&#038;h=175&#038;ssl=1\" srcset=\"https:\/\/i0.wp.com\/berndmarkgraf.com\/wp-content\/uploads\/2016\/04\/Autumn-by-Bernd-Markgraf.jpg?w=1500&amp;ssl=1 1500w, https:\/\/i0.wp.com\/berndmarkgraf.com\/wp-content\/uploads\/2016\/04\/Autumn-by-Bernd-Markgraf.jpg?resize=300%2C200&amp;ssl=1 300w, https:\/\/i0.wp.com\/berndmarkgraf.com\/wp-content\/uploads\/2016\/04\/Autumn-by-Bernd-Markgraf.jpg?resize=768%2C512&amp;ssl=1 768w, https:\/\/i0.wp.com\/berndmarkgraf.com\/wp-content\/uploads\/2016\/04\/Autumn-by-Bernd-Markgraf.jpg?resize=1024%2C683&amp;ssl=1 1024w, https:\/\/i0.wp.com\/berndmarkgraf.com\/wp-content\/uploads\/2016\/04\/Autumn-by-Bernd-Markgraf.jpg?resize=624%2C416&amp;ssl=1 624w, https:\/\/i0.wp.com\/berndmarkgraf.com\/wp-content\/uploads\/2016\/04\/Autumn-by-Bernd-Markgraf.jpg?w=1250&amp;ssl=1 1250w\" width=\"262\" height=\"175\" loading=\"lazy\" data-original-width=\"262\" data-original-height=\"175\" itemprop=\"http:\/\/schema.org\/image\" title=\"Autumn by Bernd Markgraf\" alt=\"Autumn by Bernd Markgraf\" style=\"width: 262px; height: 175px;\" \/> <\/a> <\/div> <div class=\"tiled-gallery-item tiled-gallery-item-large\" itemprop=\"associatedMedia\" itemscope itemtype=\"http:\/\/schema.org\/ImageObject\"> <a href=\"https:\/\/berndmarkgraf.com\/de\/letter-c-by-bernd-markgraf\/\" border=\"0\" itemprop=\"url\"> <meta itemprop=\"width\" content=\"262\"> <meta itemprop=\"height\" content=\"174\"> <img decoding=\"async\" class=\"\" data-attachment-id=\"1045\" data-orig-file=\"https:\/\/berndmarkgraf.com\/wp-content\/uploads\/2016\/04\/Letter-C-by-Bernd-Markgraf.jpg\" data-orig-size=\"1500,1000\" data-comments-opened=\"1\" data-image-meta=\"{&quot;aperture&quot;:&quot;32&quot;,&quot;credit&quot;:&quot;&quot;,&quot;camera&quot;:&quot;Canon EOS 5D&quot;,&quot;caption&quot;:&quot;&quot;,&quot;created_timestamp&quot;:&quot;1416783733&quot;,&quot;copyright&quot;:&quot;&quot;,&quot;focal_length&quot;:&quot;75&quot;,&quot;iso&quot;:&quot;100&quot;,&quot;shutter_speed&quot;:&quot;0.00625&quot;,&quot;title&quot;:&quot;&quot;,&quot;orientation&quot;:&quot;0&quot;}\" data-image-title=\"Letter C by Bernd Markgraf\" data-image-description=\"\" data-medium-file=\"https:\/\/i0.wp.com\/berndmarkgraf.com\/wp-content\/uploads\/2016\/04\/Letter-C-by-Bernd-Markgraf.jpg?fit=300%2C200&#038;ssl=1\" data-large-file=\"https:\/\/i0.wp.com\/berndmarkgraf.com\/wp-content\/uploads\/2016\/04\/Letter-C-by-Bernd-Markgraf.jpg?fit=625%2C417&#038;ssl=1\" src=\"https:\/\/i0.wp.com\/berndmarkgraf.com\/wp-content\/uploads\/2016\/04\/Letter-C-by-Bernd-Markgraf.jpg?w=262&#038;h=174&#038;ssl=1\" srcset=\"https:\/\/i0.wp.com\/berndmarkgraf.com\/wp-content\/uploads\/2016\/04\/Letter-C-by-Bernd-Markgraf.jpg?w=1500&amp;ssl=1 1500w, https:\/\/i0.wp.com\/berndmarkgraf.com\/wp-content\/uploads\/2016\/04\/Letter-C-by-Bernd-Markgraf.jpg?resize=300%2C200&amp;ssl=1 300w, https:\/\/i0.wp.com\/berndmarkgraf.com\/wp-content\/uploads\/2016\/04\/Letter-C-by-Bernd-Markgraf.jpg?resize=768%2C512&amp;ssl=1 768w, https:\/\/i0.wp.com\/berndmarkgraf.com\/wp-content\/uploads\/2016\/04\/Letter-C-by-Bernd-Markgraf.jpg?resize=1024%2C683&amp;ssl=1 1024w, https:\/\/i0.wp.com\/berndmarkgraf.com\/wp-content\/uploads\/2016\/04\/Letter-C-by-Bernd-Markgraf.jpg?resize=624%2C416&amp;ssl=1 624w, https:\/\/i0.wp.com\/berndmarkgraf.com\/wp-content\/uploads\/2016\/04\/Letter-C-by-Bernd-Markgraf.jpg?w=1250&amp;ssl=1 1250w\" width=\"262\" height=\"174\" loading=\"lazy\" data-original-width=\"262\" data-original-height=\"174\" itemprop=\"http:\/\/schema.org\/image\" title=\"Letter C by Bernd Markgraf\" alt=\"Letter C by Bernd Markgraf\" style=\"width: 262px; height: 174px;\" \/> <\/a> <\/div> <\/div> <!-- close group --> <div class=\"gallery-group images-1\" style=\"width: 359px; height: 536px;\" data-original-width=\"359\" data-original-height=\"536\" > <div class=\"tiled-gallery-item tiled-gallery-item-large\" itemprop=\"associatedMedia\" itemscope itemtype=\"http:\/\/schema.org\/ImageObject\"> <a href=\"https:\/\/berndmarkgraf.com\/de\/cold-by-bernd-markgraf-1\/\" border=\"0\" itemprop=\"url\"> <meta itemprop=\"width\" content=\"355\"> <meta itemprop=\"height\" content=\"532\"> <img decoding=\"async\" class=\"\" data-attachment-id=\"1041\" data-orig-file=\"https:\/\/berndmarkgraf.com\/wp-content\/uploads\/2016\/04\/Cold-by-Bernd-Markgraf-1.jpg\" data-orig-size=\"1000,1500\" data-comments-opened=\"1\" data-image-meta=\"{&quot;aperture&quot;:&quot;8&quot;,&quot;credit&quot;:&quot;&quot;,&quot;camera&quot;:&quot;Canon EOS 5D&quot;,&quot;caption&quot;:&quot;&quot;,&quot;created_timestamp&quot;:&quot;1451695532&quot;,&quot;copyright&quot;:&quot;&quot;,&quot;focal_length&quot;:&quot;28&quot;,&quot;iso&quot;:&quot;400&quot;,&quot;shutter_speed&quot;:&quot;2.5&quot;,&quot;title&quot;:&quot;&quot;,&quot;orientation&quot;:&quot;0&quot;}\" data-image-title=\"Cold\" data-image-description=\"&lt;p&gt;You&amp;#8217;re as cold as ice&amp;#8230;&lt;\/p&gt; \" data-medium-file=\"https:\/\/i0.wp.com\/berndmarkgraf.com\/wp-content\/uploads\/2016\/04\/Cold-by-Bernd-Markgraf-1.jpg?fit=200%2C300&#038;ssl=1\" data-large-file=\"https:\/\/i0.wp.com\/berndmarkgraf.com\/wp-content\/uploads\/2016\/04\/Cold-by-Bernd-Markgraf-1.jpg?fit=625%2C937&#038;ssl=1\" src=\"https:\/\/i0.wp.com\/berndmarkgraf.com\/wp-content\/uploads\/2016\/04\/Cold-by-Bernd-Markgraf-1.jpg?w=355&#038;h=532&#038;ssl=1\" srcset=\"https:\/\/i0.wp.com\/berndmarkgraf.com\/wp-content\/uploads\/2016\/04\/Cold-by-Bernd-Markgraf-1.jpg?w=1000&amp;ssl=1 1000w, https:\/\/i0.wp.com\/berndmarkgraf.com\/wp-content\/uploads\/2016\/04\/Cold-by-Bernd-Markgraf-1.jpg?resize=200%2C300&amp;ssl=1 200w, https:\/\/i0.wp.com\/berndmarkgraf.com\/wp-content\/uploads\/2016\/04\/Cold-by-Bernd-Markgraf-1.jpg?resize=768%2C1152&amp;ssl=1 768w, https:\/\/i0.wp.com\/berndmarkgraf.com\/wp-content\/uploads\/2016\/04\/Cold-by-Bernd-Markgraf-1.jpg?resize=683%2C1024&amp;ssl=1 683w, https:\/\/i0.wp.com\/berndmarkgraf.com\/wp-content\/uploads\/2016\/04\/Cold-by-Bernd-Markgraf-1.jpg?resize=624%2C936&amp;ssl=1 624w\" width=\"355\" height=\"532\" loading=\"lazy\" data-original-width=\"355\" data-original-height=\"532\" itemprop=\"http:\/\/schema.org\/image\" title=\"Cold\" alt=\"Cold\" style=\"width: 355px; height: 532px;\" \/> <\/a> <\/div> <\/div> <!-- close group --> <\/div> <!-- close row --> <\/div>\n","protected":false},"excerpt":{"rendered":"","protected":false},"author":1,"featured_media":0,"parent":0,"menu_order":0,"comment_status":"closed","ping_status":"closed","template":"","meta":{"jetpack_post_was_ever_published":false,"footnotes":""},"class_list":["post-1047","page","type-page","status-publish","hentry"],"jetpack_sharing_enabled":true,"jetpack_shortlink":"https:\/\/wp.me\/P4cL0X-gT","jetpack-related-posts":[{"id":723,"url":"https:\/\/berndmarkgraf.com\/de\/fine-art\/","url_meta":{"origin":1047,"position":0},"title":"Fine Art","author":"bernd.markgraf@gmail.com","date":"September 21, 2015","format":false,"excerpt":"","rel":"","context":"\u00c4hnlicher Beitrag","block_context":{"text":"\u00c4hnlicher Beitrag","link":""},"img":{"alt_text":"","src":"https:\/\/i0.wp.com\/berndmarkgraf.com\/wp-content\/uploads\/2015\/09\/MG_6955_4.jpg?resize=350%2C200","width":350,"height":200,"srcset":"https:\/\/i0.wp.com\/berndmarkgraf.com\/wp-content\/uploads\/2015\/09\/MG_6955_4.jpg?resize=350%2C200 1x, https:\/\/i0.wp.com\/berndmarkgraf.com\/wp-content\/uploads\/2015\/09\/MG_6955_4.jpg?resize=525%2C300 1.5x, https:\/\/i0.wp.com\/berndmarkgraf.com\/wp-content\/uploads\/2015\/09\/MG_6955_4.jpg?resize=700%2C400 2x"},"classes":[]},{"id":41,"url":"https:\/\/berndmarkgraf.com\/de\/impressum-legal-info\/","url_meta":{"origin":1047,"position":1},"title":"Impressum","author":"bernd.markgraf@gmail.com","date":"April 9, 2014","format":false,"excerpt":"Impressum Angaben gem\u00e4\u00df \u00a7 5 TMG: Bernd Markgraf Stichlerweg 32 39122 Magdeburg Kontakt: Telefon: 01707204179 E-Mail: bernd.markgraf@gmail.com Quelle: http:\/\/www.e-recht24.de Haftungsausschluss (Disclaimer) Haftung f\u00fcr Inhalte Als Diensteanbieter sind wir gem\u00e4\u00df \u00a7 7 Abs.1 TMG f\u00fcr eigene Inhalte auf diesen Seiten nach den allgemeinen Gesetzen verantwortlich. Nach \u00a7\u00a7 8 bis 10 TMG\u2026","rel":"","context":"\u00c4hnlicher Beitrag","block_context":{"text":"\u00c4hnlicher Beitrag","link":""},"img":{"alt_text":"","src":"","width":0,"height":0},"classes":[]}],"jetpack_likes_enabled":true,"_links":{"self":[{"href":"https:\/\/berndmarkgraf.com\/de\/wp-json\/wp\/v2\/pages\/1047","targetHints":{"allow":["GET"]}}],"collection":[{"href":"https:\/\/berndmarkgraf.com\/de\/wp-json\/wp\/v2\/pages"}],"about":[{"href":"https:\/\/berndmarkgraf.com\/de\/wp-json\/wp\/v2\/types\/page"}],"author":[{"embeddable":true,"href":"https:\/\/berndmarkgraf.com\/de\/wp-json\/wp\/v2\/users\/1"}],"replies":[{"embeddable":true,"href":"https:\/\/berndmarkgraf.com\/de\/wp-json\/wp\/v2\/comments?post=1047"}],"version-history":[{"count":2,"href":"https:\/\/berndmarkgraf.com\/de\/wp-json\/wp\/v2\/pages\/1047\/revisions"}],"predecessor-version":[{"id":1050,"href":"https:\/\/berndmarkgraf.com\/de\/wp-json\/wp\/v2\/pages\/1047\/revisions\/1050"}],"wp:attachment":[{"href":"https:\/\/berndmarkgraf.com\/de\/wp-json\/wp\/v2\/media?parent=1047"}],"curies":[{"name":"wp","href":"https:\/\/api.w.org\/{rel}","templated":true}]}}